{"id":29479,"date":"2025-09-02T18:04:24","date_gmt":"2025-09-02T15:04:24","guid":{"rendered":"https:\/\/oedparts.com\/urun\/51044016342-51044016277-51044016376-eksantrik-mili-man-6-166342\/"},"modified":"2025-09-02T18:04:36","modified_gmt":"2025-09-02T15:04:36","slug":"51044016342-51044016277-51044016376-eksantrik-mili-man-6-166342","status":"publish","type":"product","link":"https:\/\/oedparts.com\/es\/urun\/51044016342-51044016277-51044016376-eksantrik-mili-man-6-166342\/","title":{"rendered":"51044016342 &#8211; 51044016277 &#8211; 51044016376 &#8211; EKSANTR\u0130K M\u0130L\u0130 &#8211; MAN &#8211; 6.166342"},"content":{"rendered":"","protected":false},"excerpt":{"rendered":"<p>51044016342 &#8211; 51044016277 &#8211; 51044016376 &#8211; EKSANTR\u0130K M\u0130L\u0130 &#8211; MAN<\/p>\n","protected":false},"featured_media":29480,"comment_status":"closed","ping_status":"open","template":"","meta":[],"product_brand":[],"product_cat":[12476,15744],"product_tag":[],"class_list":{"0":"post-29479","1":"product","2":"type-product","3":"status-publish","4":"has-post-thumbnail","6":"product_cat-man","7":"product_cat-sinotruk","8":"pa_arac-tipi-avrupa","9":"pa_marka-man-sinotruk","10":"pa_model-tga","11":"pa_oed-no-6-166342","12":"pa_oem-no-51044016342-51044016277-51044016376","13":"pa_urun-adi-eksantrik-mili","15":"first","16":"instock","17":"product-type-simple"},"_links":{"self":[{"href":"https:\/\/oedparts.com\/es\/wp-json\/wp\/v2\/product\/29479","targetHints":{"allow":["GET"]}}],"collection":[{"href":"https:\/\/oedparts.com\/es\/wp-json\/wp\/v2\/product"}],"about":[{"href":"https:\/\/oedparts.com\/es\/wp-json\/wp\/v2\/types\/product"}],"replies":[{"embeddable":true,"href":"https:\/\/oedparts.com\/es\/wp-json\/wp\/v2\/comments?post=29479"}],"wp:featuredmedia":[{"embeddable":true,"href":"https:\/\/oedparts.com\/es\/wp-json\/wp\/v2\/media\/29480"}],"wp:attachment":[{"href":"https:\/\/oedparts.com\/es\/wp-json\/wp\/v2\/media?parent=29479"}],"wp:term":[{"taxonomy":"product_brand","embeddable":true,"href":"https:\/\/oedparts.com\/es\/wp-json\/wp\/v2\/product_brand?post=29479"},{"taxonomy":"product_cat","embeddable":true,"href":"https:\/\/oedparts.com\/es\/wp-json\/wp\/v2\/product_cat?post=29479"},{"taxonomy":"product_tag","embeddable":true,"href":"https:\/\/oedparts.com\/es\/wp-json\/wp\/v2\/product_tag?post=29479"}],"curies":[{"name":"wp","href":"https:\/\/api.w.org\/{rel}","templated":true}]}}