{"id":29183,"date":"2025-09-02T18:02:03","date_gmt":"2025-09-02T15:02:03","guid":{"rendered":"https:\/\/oedparts.com\/urun\/6553300419-a-655-33-0-04-19-s1-dingil-tamir-takimi-mercedes-benz-5-900419\/"},"modified":"2025-09-02T18:03:04","modified_gmt":"2025-09-02T15:03:04","slug":"6553300419-a-655-33-0-04-19-s1-dingil-tamir-takimi-mercedes-benz-5-900419","status":"publish","type":"product","link":"https:\/\/oedparts.com\/es\/urun\/6553300419-a-655-33-0-04-19-s1-dingil-tamir-takimi-mercedes-benz-5-900419\/","title":{"rendered":"6553300419 &#8211; A 655 33 0 04 19 S1 &#8211; D\u0130NG\u0130L TAM\u0130R TAKIMI &#8211; MERCEDES BENZ &#8211; 5.900419"},"content":{"rendered":"","protected":false},"excerpt":{"rendered":"<p>6553300419 &#8211; A 655 33 0 04 19 S1 &#8211; D\u0130NG\u0130L TAM\u0130R TAKIMI &#8211; MERCEDES BENZ<\/p>\n","protected":false},"featured_media":29184,"comment_status":"closed","ping_status":"open","template":"","meta":[],"product_brand":[],"product_cat":[12482],"product_tag":[],"class_list":{"0":"post-29183","1":"product","2":"type-product","3":"status-publish","4":"has-post-thumbnail","6":"product_cat-mercedes-benz","7":"pa_arac-tipi-avrupa","8":"pa_marka-mercedes-benz","9":"pa_model-actros-axor-atego","10":"pa_oed-no-5-900419","11":"pa_oem-no-6553300419-a-655-33-0-04-19-s1","12":"pa_urun-adi-dingil-tamir-takimi","14":"first","15":"instock","16":"product-type-simple"},"_links":{"self":[{"href":"https:\/\/oedparts.com\/es\/wp-json\/wp\/v2\/product\/29183","targetHints":{"allow":["GET"]}}],"collection":[{"href":"https:\/\/oedparts.com\/es\/wp-json\/wp\/v2\/product"}],"about":[{"href":"https:\/\/oedparts.com\/es\/wp-json\/wp\/v2\/types\/product"}],"replies":[{"embeddable":true,"href":"https:\/\/oedparts.com\/es\/wp-json\/wp\/v2\/comments?post=29183"}],"wp:featuredmedia":[{"embeddable":true,"href":"https:\/\/oedparts.com\/es\/wp-json\/wp\/v2\/media\/29184"}],"wp:attachment":[{"href":"https:\/\/oedparts.com\/es\/wp-json\/wp\/v2\/media?parent=29183"}],"wp:term":[{"taxonomy":"product_brand","embeddable":true,"href":"https:\/\/oedparts.com\/es\/wp-json\/wp\/v2\/product_brand?post=29183"},{"taxonomy":"product_cat","embeddable":true,"href":"https:\/\/oedparts.com\/es\/wp-json\/wp\/v2\/product_cat?post=29183"},{"taxonomy":"product_tag","embeddable":true,"href":"https:\/\/oedparts.com\/es\/wp-json\/wp\/v2\/product_tag?post=29183"}],"curies":[{"name":"wp","href":"https:\/\/api.w.org\/{rel}","templated":true}]}}