{"id":29098,"date":"2025-09-02T18:01:22","date_gmt":"2025-09-02T15:01:22","guid":{"rendered":"https:\/\/oedparts.com\/urun\/0025535405-0025538405-0025538805-25536605-kabin-kaldirma-silindiri-mercedes-benz-5-715405\/"},"modified":"2025-09-02T18:01:24","modified_gmt":"2025-09-02T15:01:24","slug":"0025535405-0025538405-0025538805-25536605-kabin-kaldirma-silindiri-mercedes-benz-5-715405","status":"publish","type":"product","link":"https:\/\/oedparts.com\/es\/urun\/0025535405-0025538405-0025538805-25536605-kabin-kaldirma-silindiri-mercedes-benz-5-715405\/","title":{"rendered":"0025535405 &#8211; 0025538405 &#8211; 0025538805 &#8211; 25536605 &#8211; KAB\u0130N KALDIRMA S\u0130L\u0130ND\u0130R\u0130 &#8211; MERCEDES BENZ &#8211; 5.715405"},"content":{"rendered":"","protected":false},"excerpt":{"rendered":"<p>0025535405 &#8211; 0025538405 &#8211; 0025538805 &#8211; 25536605 &#8211; KAB\u0130N KALDIRMA S\u0130L\u0130ND\u0130R\u0130 &#8211; MERCEDES BENZ<\/p>\n","protected":false},"featured_media":29099,"comment_status":"closed","ping_status":"open","template":"","meta":[],"product_brand":[],"product_cat":[12482],"product_tag":[],"class_list":{"0":"post-29098","1":"product","2":"type-product","3":"status-publish","4":"has-post-thumbnail","6":"product_cat-mercedes-benz","7":"pa_arac-tipi-avrupa","8":"pa_marka-mercedes-benz","9":"pa_model-actros","10":"pa_oed-no-5-715405","11":"pa_oem-no-0025535405-0025538405-0025538805-25536605","12":"pa_urun-adi-kabin-kaldirma-silindiri","14":"first","15":"instock","16":"product-type-simple"},"_links":{"self":[{"href":"https:\/\/oedparts.com\/es\/wp-json\/wp\/v2\/product\/29098","targetHints":{"allow":["GET"]}}],"collection":[{"href":"https:\/\/oedparts.com\/es\/wp-json\/wp\/v2\/product"}],"about":[{"href":"https:\/\/oedparts.com\/es\/wp-json\/wp\/v2\/types\/product"}],"replies":[{"embeddable":true,"href":"https:\/\/oedparts.com\/es\/wp-json\/wp\/v2\/comments?post=29098"}],"wp:featuredmedia":[{"embeddable":true,"href":"https:\/\/oedparts.com\/es\/wp-json\/wp\/v2\/media\/29099"}],"wp:attachment":[{"href":"https:\/\/oedparts.com\/es\/wp-json\/wp\/v2\/media?parent=29098"}],"wp:term":[{"taxonomy":"product_brand","embeddable":true,"href":"https:\/\/oedparts.com\/es\/wp-json\/wp\/v2\/product_brand?post=29098"},{"taxonomy":"product_cat","embeddable":true,"href":"https:\/\/oedparts.com\/es\/wp-json\/wp\/v2\/product_cat?post=29098"},{"taxonomy":"product_tag","embeddable":true,"href":"https:\/\/oedparts.com\/es\/wp-json\/wp\/v2\/product_tag?post=29098"}],"curies":[{"name":"wp","href":"https:\/\/api.w.org\/{rel}","templated":true}]}}