{"id":28445,"date":"2025-09-02T17:58:19","date_gmt":"2025-09-02T14:58:19","guid":{"rendered":"https:\/\/oedparts.com\/urun\/1529833-388166-suspansiyon-korugu-daf-4-978165\/"},"modified":"2025-09-02T17:58:23","modified_gmt":"2025-09-02T14:58:23","slug":"1529833-388166-suspansiyon-korugu-daf-4-978165","status":"publish","type":"product","link":"https:\/\/oedparts.com\/es\/urun\/1529833-388166-suspansiyon-korugu-daf-4-978165\/","title":{"rendered":"1529833 &#8211; 388166 &#8211; S\u00dcSPANS\u0130YON K\u00d6R\u00dc\u011e\u00dc &#8211; DAF &#8211; 4.978165"},"content":{"rendered":"","protected":false},"excerpt":{"rendered":"<p>1529833 &#8211; 388166 &#8211; S\u00dcSPANS\u0130YON K\u00d6R\u00dc\u011e\u00dc &#8211; DAF<\/p>\n","protected":false},"featured_media":28446,"comment_status":"closed","ping_status":"open","template":"","meta":[],"product_brand":[],"product_cat":[12469],"product_tag":[],"class_list":{"0":"post-28445","1":"product","2":"type-product","3":"status-publish","4":"has-post-thumbnail","6":"product_cat-daf","7":"pa_arac-tipi-avrupa","8":"pa_marka-daf","9":"pa_model-cf-lf-xf","10":"pa_oed-no-4-978165","11":"pa_oem-no-1529833-388166","12":"pa_urun-adi-suspansiyon-korugu","14":"first","15":"instock","16":"product-type-simple"},"_links":{"self":[{"href":"https:\/\/oedparts.com\/es\/wp-json\/wp\/v2\/product\/28445","targetHints":{"allow":["GET"]}}],"collection":[{"href":"https:\/\/oedparts.com\/es\/wp-json\/wp\/v2\/product"}],"about":[{"href":"https:\/\/oedparts.com\/es\/wp-json\/wp\/v2\/types\/product"}],"replies":[{"embeddable":true,"href":"https:\/\/oedparts.com\/es\/wp-json\/wp\/v2\/comments?post=28445"}],"wp:featuredmedia":[{"embeddable":true,"href":"https:\/\/oedparts.com\/es\/wp-json\/wp\/v2\/media\/28446"}],"wp:attachment":[{"href":"https:\/\/oedparts.com\/es\/wp-json\/wp\/v2\/media?parent=28445"}],"wp:term":[{"taxonomy":"product_brand","embeddable":true,"href":"https:\/\/oedparts.com\/es\/wp-json\/wp\/v2\/product_brand?post=28445"},{"taxonomy":"product_cat","embeddable":true,"href":"https:\/\/oedparts.com\/es\/wp-json\/wp\/v2\/product_cat?post=28445"},{"taxonomy":"product_tag","embeddable":true,"href":"https:\/\/oedparts.com\/es\/wp-json\/wp\/v2\/product_tag?post=28445"}],"curies":[{"name":"wp","href":"https:\/\/api.w.org\/{rel}","templated":true}]}}