{"id":28052,"date":"2025-09-02T17:55:25","date_gmt":"2025-09-02T14:55:25","guid":{"rendered":"https:\/\/oedparts.com\/urun\/1398264-1398285-1738627-1911144-far-cercevesi-sag-daf-4-758285\/"},"modified":"2025-09-02T17:55:37","modified_gmt":"2025-09-02T14:55:37","slug":"1398264-1398285-1738627-1911144-far-cercevesi-sag-daf-4-758285","status":"publish","type":"product","link":"https:\/\/oedparts.com\/es\/urun\/1398264-1398285-1738627-1911144-far-cercevesi-sag-daf-4-758285\/","title":{"rendered":"1398264 &#8211; 1398285 &#8211; 1738627 &#8211; 1911144 &#8211; FAR \u00c7ER\u00c7EVES\u0130 SA\u011e &#8211; DAF &#8211; 4.758285"},"content":{"rendered":"","protected":false},"excerpt":{"rendered":"<p>1398264 &#8211; 1398285 &#8211; 1738627 &#8211; 1911144 &#8211; FAR \u00c7ER\u00c7EVES\u0130 SA\u011e &#8211; DAF<\/p>\n","protected":false},"featured_media":0,"comment_status":"closed","ping_status":"open","template":"","meta":[],"product_brand":[],"product_cat":[12469],"product_tag":[],"class_list":{"0":"post-28052","1":"product","2":"type-product","3":"status-publish","5":"product_cat-daf","6":"pa_arac-tipi-avrupa","7":"pa_marka-daf","8":"pa_model-xf","9":"pa_oed-no-4-758285","10":"pa_oem-no-1398264-1398285-1738627-1911144","11":"pa_urun-adi-far-cercevesi-sag","13":"first","14":"instock","15":"product-type-simple"},"_links":{"self":[{"href":"https:\/\/oedparts.com\/es\/wp-json\/wp\/v2\/product\/28052","targetHints":{"allow":["GET"]}}],"collection":[{"href":"https:\/\/oedparts.com\/es\/wp-json\/wp\/v2\/product"}],"about":[{"href":"https:\/\/oedparts.com\/es\/wp-json\/wp\/v2\/types\/product"}],"replies":[{"embeddable":true,"href":"https:\/\/oedparts.com\/es\/wp-json\/wp\/v2\/comments?post=28052"}],"wp:attachment":[{"href":"https:\/\/oedparts.com\/es\/wp-json\/wp\/v2\/media?parent=28052"}],"wp:term":[{"taxonomy":"product_brand","embeddable":true,"href":"https:\/\/oedparts.com\/es\/wp-json\/wp\/v2\/product_brand?post=28052"},{"taxonomy":"product_cat","embeddable":true,"href":"https:\/\/oedparts.com\/es\/wp-json\/wp\/v2\/product_cat?post=28052"},{"taxonomy":"product_tag","embeddable":true,"href":"https:\/\/oedparts.com\/es\/wp-json\/wp\/v2\/product_tag?post=28052"}],"curies":[{"name":"wp","href":"https:\/\/api.w.org\/{rel}","templated":true}]}}