{"id":28001,"date":"2025-09-02T17:55:25","date_gmt":"2025-09-02T14:55:25","guid":{"rendered":"https:\/\/oedparts.com\/urun\/1329764-0962638-1332121-ceki-demiri-daf-4-749764\/"},"modified":"2025-09-02T17:55:26","modified_gmt":"2025-09-02T14:55:26","slug":"1329764-0962638-1332121-ceki-demiri-daf-4-749764","status":"publish","type":"product","link":"https:\/\/oedparts.com\/es\/urun\/1329764-0962638-1332121-ceki-demiri-daf-4-749764\/","title":{"rendered":"1329764 &#8211; 0962638 &#8211; 1332121 &#8211; \u00c7EK\u0130 DEM\u0130R\u0130 &#8211; DAF &#8211; 4.749764"},"content":{"rendered":"","protected":false},"excerpt":{"rendered":"<p>1329764 &#8211; 0962638 &#8211; 1332121 &#8211; \u00c7EK\u0130 DEM\u0130R\u0130 &#8211; DAF<\/p>\n","protected":false},"featured_media":0,"comment_status":"closed","ping_status":"open","template":"","meta":[],"product_brand":[],"product_cat":[12469],"product_tag":[],"class_list":{"0":"post-28001","1":"product","2":"type-product","3":"status-publish","5":"product_cat-daf","6":"pa_arac-tipi-avrupa","7":"pa_marka-daf","8":"pa_model-cf","9":"pa_oed-no-4-749764","10":"pa_oem-no-1329764-0962638-1332121","11":"pa_urun-adi-ceki-demiri","13":"first","14":"instock","15":"product-type-simple"},"_links":{"self":[{"href":"https:\/\/oedparts.com\/es\/wp-json\/wp\/v2\/product\/28001","targetHints":{"allow":["GET"]}}],"collection":[{"href":"https:\/\/oedparts.com\/es\/wp-json\/wp\/v2\/product"}],"about":[{"href":"https:\/\/oedparts.com\/es\/wp-json\/wp\/v2\/types\/product"}],"replies":[{"embeddable":true,"href":"https:\/\/oedparts.com\/es\/wp-json\/wp\/v2\/comments?post=28001"}],"wp:attachment":[{"href":"https:\/\/oedparts.com\/es\/wp-json\/wp\/v2\/media?parent=28001"}],"wp:term":[{"taxonomy":"product_brand","embeddable":true,"href":"https:\/\/oedparts.com\/es\/wp-json\/wp\/v2\/product_brand?post=28001"},{"taxonomy":"product_cat","embeddable":true,"href":"https:\/\/oedparts.com\/es\/wp-json\/wp\/v2\/product_cat?post=28001"},{"taxonomy":"product_tag","embeddable":true,"href":"https:\/\/oedparts.com\/es\/wp-json\/wp\/v2\/product_tag?post=28001"}],"curies":[{"name":"wp","href":"https:\/\/api.w.org\/{rel}","templated":true}]}}