{"id":27894,"date":"2025-09-02T17:54:36","date_gmt":"2025-09-02T14:54:36","guid":{"rendered":"https:\/\/oedparts.com\/urun\/1369711-1443695-1606742-sasi-amortisoru-daf-4-739711\/"},"modified":"2025-09-02T17:54:52","modified_gmt":"2025-09-02T14:54:52","slug":"1369711-1443695-1606742-sasi-amortisoru-daf-4-739711","status":"publish","type":"product","link":"https:\/\/oedparts.com\/es\/urun\/1369711-1443695-1606742-sasi-amortisoru-daf-4-739711\/","title":{"rendered":"1369711 &#8211; 1443695 &#8211; 1606742 &#8211; \u015eAS\u0130 AMORT\u0130S\u00d6R\u00dc &#8211; DAF &#8211; 4.739711"},"content":{"rendered":"","protected":false},"excerpt":{"rendered":"<p>1369711 &#8211; 1443695 &#8211; 1606742 &#8211; \u015eAS\u0130 AMORT\u0130S\u00d6R\u00dc &#8211; DAF<\/p>\n","protected":false},"featured_media":27895,"comment_status":"closed","ping_status":"open","template":"","meta":[],"product_brand":[],"product_cat":[12469],"product_tag":[],"class_list":{"0":"post-27894","1":"product","2":"type-product","3":"status-publish","4":"has-post-thumbnail","6":"product_cat-daf","7":"pa_arac-tipi-avrupa","8":"pa_marka-daf","9":"pa_model-xf-cf","10":"pa_oed-no-4-739711","11":"pa_oem-no-1369711-1443695-1606742","12":"pa_urun-adi-sasi-amortisoru","14":"first","15":"instock","16":"product-type-simple"},"_links":{"self":[{"href":"https:\/\/oedparts.com\/es\/wp-json\/wp\/v2\/product\/27894","targetHints":{"allow":["GET"]}}],"collection":[{"href":"https:\/\/oedparts.com\/es\/wp-json\/wp\/v2\/product"}],"about":[{"href":"https:\/\/oedparts.com\/es\/wp-json\/wp\/v2\/types\/product"}],"replies":[{"embeddable":true,"href":"https:\/\/oedparts.com\/es\/wp-json\/wp\/v2\/comments?post=27894"}],"wp:featuredmedia":[{"embeddable":true,"href":"https:\/\/oedparts.com\/es\/wp-json\/wp\/v2\/media\/27895"}],"wp:attachment":[{"href":"https:\/\/oedparts.com\/es\/wp-json\/wp\/v2\/media?parent=27894"}],"wp:term":[{"taxonomy":"product_brand","embeddable":true,"href":"https:\/\/oedparts.com\/es\/wp-json\/wp\/v2\/product_brand?post=27894"},{"taxonomy":"product_cat","embeddable":true,"href":"https:\/\/oedparts.com\/es\/wp-json\/wp\/v2\/product_cat?post=27894"},{"taxonomy":"product_tag","embeddable":true,"href":"https:\/\/oedparts.com\/es\/wp-json\/wp\/v2\/product_tag?post=27894"}],"curies":[{"name":"wp","href":"https:\/\/api.w.org\/{rel}","templated":true}]}}