{"id":27824,"date":"2025-09-02T17:54:36","date_gmt":"2025-09-02T14:54:36","guid":{"rendered":"https:\/\/oedparts.com\/urun\/2191027-1850671-1955773-kabin-amortisoru-daf-4-731027\/"},"modified":"2025-09-02T17:54:43","modified_gmt":"2025-09-02T14:54:43","slug":"2191027-1850671-1955773-kabin-amortisoru-daf-4-731027","status":"publish","type":"product","link":"https:\/\/oedparts.com\/es\/urun\/2191027-1850671-1955773-kabin-amortisoru-daf-4-731027\/","title":{"rendered":"2191027 &#8211; 1850671 &#8211; 1955773 &#8211; KAB\u0130N AMORT\u0130S\u00d6R\u00dc &#8211; DAF &#8211; 4.731027"},"content":{"rendered":"","protected":false},"excerpt":{"rendered":"<p>2191027 &#8211; 1850671 &#8211; 1955773 &#8211; KAB\u0130N AMORT\u0130S\u00d6R\u00dc &#8211; DAF<\/p>\n","protected":false},"featured_media":27825,"comment_status":"closed","ping_status":"open","template":"","meta":[],"product_brand":[],"product_cat":[12469],"product_tag":[],"class_list":{"0":"post-27824","1":"product","2":"type-product","3":"status-publish","4":"has-post-thumbnail","6":"product_cat-daf","7":"pa_arac-tipi-avrupa","8":"pa_marka-daf","9":"pa_model-cf-xf","10":"pa_oed-no-4-731027","11":"pa_oem-no-2191027-1850671-1955773","12":"pa_urun-adi-kabin-amortisoru","14":"first","15":"instock","16":"product-type-simple"},"_links":{"self":[{"href":"https:\/\/oedparts.com\/es\/wp-json\/wp\/v2\/product\/27824","targetHints":{"allow":["GET"]}}],"collection":[{"href":"https:\/\/oedparts.com\/es\/wp-json\/wp\/v2\/product"}],"about":[{"href":"https:\/\/oedparts.com\/es\/wp-json\/wp\/v2\/types\/product"}],"replies":[{"embeddable":true,"href":"https:\/\/oedparts.com\/es\/wp-json\/wp\/v2\/comments?post=27824"}],"wp:featuredmedia":[{"embeddable":true,"href":"https:\/\/oedparts.com\/es\/wp-json\/wp\/v2\/media\/27825"}],"wp:attachment":[{"href":"https:\/\/oedparts.com\/es\/wp-json\/wp\/v2\/media?parent=27824"}],"wp:term":[{"taxonomy":"product_brand","embeddable":true,"href":"https:\/\/oedparts.com\/es\/wp-json\/wp\/v2\/product_brand?post=27824"},{"taxonomy":"product_cat","embeddable":true,"href":"https:\/\/oedparts.com\/es\/wp-json\/wp\/v2\/product_cat?post=27824"},{"taxonomy":"product_tag","embeddable":true,"href":"https:\/\/oedparts.com\/es\/wp-json\/wp\/v2\/product_tag?post=27824"}],"curies":[{"name":"wp","href":"https:\/\/api.w.org\/{rel}","templated":true}]}}