{"id":27823,"date":"2025-09-02T17:54:36","date_gmt":"2025-09-02T14:54:36","guid":{"rendered":"https:\/\/oedparts.com\/urun\/1440545-1436210-kabin-braketi-sag-daf-4-730545\/"},"modified":"2025-09-02T17:54:39","modified_gmt":"2025-09-02T14:54:39","slug":"1440545-1436210-kabin-braketi-sag-daf-4-730545","status":"publish","type":"product","link":"https:\/\/oedparts.com\/es\/urun\/1440545-1436210-kabin-braketi-sag-daf-4-730545\/","title":{"rendered":"1440545 &#8211; 1436210 &#8211; KAB\u0130N BRAKET\u0130 SA\u011e &#8211; DAF &#8211; 4.730545"},"content":{"rendered":"","protected":false},"excerpt":{"rendered":"<p>1440545 &#8211; 1436210 &#8211; KAB\u0130N BRAKET\u0130 SA\u011e &#8211; DAF<\/p>\n","protected":false},"featured_media":0,"comment_status":"closed","ping_status":"open","template":"","meta":[],"product_brand":[],"product_cat":[12469],"product_tag":[],"class_list":{"0":"post-27823","1":"product","2":"type-product","3":"status-publish","5":"product_cat-daf","6":"pa_arac-tipi-avrupa","7":"pa_marka-daf","8":"pa_model-cf-xf","9":"pa_oed-no-4-730545","10":"pa_oem-no-1440545-1436210","11":"pa_urun-adi-kabin-braketi-sag","13":"first","14":"instock","15":"product-type-simple"},"_links":{"self":[{"href":"https:\/\/oedparts.com\/es\/wp-json\/wp\/v2\/product\/27823","targetHints":{"allow":["GET"]}}],"collection":[{"href":"https:\/\/oedparts.com\/es\/wp-json\/wp\/v2\/product"}],"about":[{"href":"https:\/\/oedparts.com\/es\/wp-json\/wp\/v2\/types\/product"}],"replies":[{"embeddable":true,"href":"https:\/\/oedparts.com\/es\/wp-json\/wp\/v2\/comments?post=27823"}],"wp:attachment":[{"href":"https:\/\/oedparts.com\/es\/wp-json\/wp\/v2\/media?parent=27823"}],"wp:term":[{"taxonomy":"product_brand","embeddable":true,"href":"https:\/\/oedparts.com\/es\/wp-json\/wp\/v2\/product_brand?post=27823"},{"taxonomy":"product_cat","embeddable":true,"href":"https:\/\/oedparts.com\/es\/wp-json\/wp\/v2\/product_cat?post=27823"},{"taxonomy":"product_tag","embeddable":true,"href":"https:\/\/oedparts.com\/es\/wp-json\/wp\/v2\/product_tag?post=27823"}],"curies":[{"name":"wp","href":"https:\/\/api.w.org\/{rel}","templated":true}]}}