{"id":27796,"date":"2025-09-02T17:54:11","date_gmt":"2025-09-02T14:54:11","guid":{"rendered":"https:\/\/oedparts.com\/urun\/1439151-2191468-kabin-kaldirma-silindiri-daf-4-719151\/"},"modified":"2025-09-02T17:54:21","modified_gmt":"2025-09-02T14:54:21","slug":"1439151-2191468-kabin-kaldirma-silindiri-daf-4-719151","status":"publish","type":"product","link":"https:\/\/oedparts.com\/es\/urun\/1439151-2191468-kabin-kaldirma-silindiri-daf-4-719151\/","title":{"rendered":"1439151 &#8211; 2191468 &#8211; KAB\u0130N KALDIRMA S\u0130L\u0130ND\u0130R\u0130 &#8211; DAF &#8211; 4.719151"},"content":{"rendered":"","protected":false},"excerpt":{"rendered":"<p>1439151 &#8211; 2191468 &#8211; KAB\u0130N KALDIRMA S\u0130L\u0130ND\u0130R\u0130 &#8211; DAF<\/p>\n","protected":false},"featured_media":27797,"comment_status":"closed","ping_status":"open","template":"","meta":[],"product_brand":[],"product_cat":[12469],"product_tag":[],"class_list":{"0":"post-27796","1":"product","2":"type-product","3":"status-publish","4":"has-post-thumbnail","6":"product_cat-daf","7":"pa_arac-tipi-avrupa","8":"pa_marka-daf","9":"pa_model-lf-cf-xf","10":"pa_oed-no-4-719151","11":"pa_oem-no-1439151-2191468","12":"pa_urun-adi-kabin-kaldirma-silindiri","14":"first","15":"instock","16":"product-type-simple"},"_links":{"self":[{"href":"https:\/\/oedparts.com\/es\/wp-json\/wp\/v2\/product\/27796","targetHints":{"allow":["GET"]}}],"collection":[{"href":"https:\/\/oedparts.com\/es\/wp-json\/wp\/v2\/product"}],"about":[{"href":"https:\/\/oedparts.com\/es\/wp-json\/wp\/v2\/types\/product"}],"replies":[{"embeddable":true,"href":"https:\/\/oedparts.com\/es\/wp-json\/wp\/v2\/comments?post=27796"}],"wp:featuredmedia":[{"embeddable":true,"href":"https:\/\/oedparts.com\/es\/wp-json\/wp\/v2\/media\/27797"}],"wp:attachment":[{"href":"https:\/\/oedparts.com\/es\/wp-json\/wp\/v2\/media?parent=27796"}],"wp:term":[{"taxonomy":"product_brand","embeddable":true,"href":"https:\/\/oedparts.com\/es\/wp-json\/wp\/v2\/product_brand?post=27796"},{"taxonomy":"product_cat","embeddable":true,"href":"https:\/\/oedparts.com\/es\/wp-json\/wp\/v2\/product_cat?post=27796"},{"taxonomy":"product_tag","embeddable":true,"href":"https:\/\/oedparts.com\/es\/wp-json\/wp\/v2\/product_tag?post=27796"}],"curies":[{"name":"wp","href":"https:\/\/api.w.org\/{rel}","templated":true}]}}