{"id":27711,"date":"2025-09-02T17:53:33","date_gmt":"2025-09-02T14:53:33","guid":{"rendered":"https:\/\/oedparts.com\/urun\/1365935-4410501000-sasi-yukseklik-sensoru-daf-4-635935\/"},"modified":"2025-09-02T17:54:05","modified_gmt":"2025-09-02T14:54:05","slug":"1365935-4410501000-sasi-yukseklik-sensoru-daf-4-635935","status":"publish","type":"product","link":"https:\/\/oedparts.com\/es\/urun\/1365935-4410501000-sasi-yukseklik-sensoru-daf-4-635935\/","title":{"rendered":"1365935 &#8211; 4410501000 &#8211; \u015eAS\u0130 Y\u00dcKSEKL\u0130K SENS\u00d6R\u00dc &#8211; DAF &#8211; 4.635935"},"content":{"rendered":"","protected":false},"excerpt":{"rendered":"<p>1365935 &#8211; 4410501000 &#8211; \u015eAS\u0130 Y\u00dcKSEKL\u0130K SENS\u00d6R\u00dc &#8211; DAF<\/p>\n","protected":false},"featured_media":27712,"comment_status":"closed","ping_status":"open","template":"","meta":[],"product_brand":[],"product_cat":[12469],"product_tag":[],"class_list":{"0":"post-27711","1":"product","2":"type-product","3":"status-publish","4":"has-post-thumbnail","6":"product_cat-daf","7":"pa_arac-tipi-avrupa","8":"pa_marka-daf","9":"pa_model-cf-lf-xf-euro-6","10":"pa_oed-no-4-635935","11":"pa_oem-no-1365935-4410501000","12":"pa_urun-adi-sasi-yukseklik-sensoru","14":"first","15":"instock","16":"product-type-simple"},"_links":{"self":[{"href":"https:\/\/oedparts.com\/es\/wp-json\/wp\/v2\/product\/27711","targetHints":{"allow":["GET"]}}],"collection":[{"href":"https:\/\/oedparts.com\/es\/wp-json\/wp\/v2\/product"}],"about":[{"href":"https:\/\/oedparts.com\/es\/wp-json\/wp\/v2\/types\/product"}],"replies":[{"embeddable":true,"href":"https:\/\/oedparts.com\/es\/wp-json\/wp\/v2\/comments?post=27711"}],"wp:featuredmedia":[{"embeddable":true,"href":"https:\/\/oedparts.com\/es\/wp-json\/wp\/v2\/media\/27712"}],"wp:attachment":[{"href":"https:\/\/oedparts.com\/es\/wp-json\/wp\/v2\/media?parent=27711"}],"wp:term":[{"taxonomy":"product_brand","embeddable":true,"href":"https:\/\/oedparts.com\/es\/wp-json\/wp\/v2\/product_brand?post=27711"},{"taxonomy":"product_cat","embeddable":true,"href":"https:\/\/oedparts.com\/es\/wp-json\/wp\/v2\/product_cat?post=27711"},{"taxonomy":"product_tag","embeddable":true,"href":"https:\/\/oedparts.com\/es\/wp-json\/wp\/v2\/product_tag?post=27711"}],"curies":[{"name":"wp","href":"https:\/\/api.w.org\/{rel}","templated":true}]}}