{"id":27649,"date":"2025-09-02T17:53:33","date_gmt":"2025-09-02T14:53:33","guid":{"rendered":"https:\/\/oedparts.com\/urun\/2045580-1948946-devirdaim-sensoru-daf-4-605580\/"},"modified":"2025-09-02T17:53:37","modified_gmt":"2025-09-02T14:53:37","slug":"2045580-1948946-devirdaim-sensoru-daf-4-605580","status":"publish","type":"product","link":"https:\/\/oedparts.com\/es\/urun\/2045580-1948946-devirdaim-sensoru-daf-4-605580\/","title":{"rendered":"2045580 &#8211; 1948946 &#8211; DEV\u0130RDA\u0130M SENS\u00d6R\u00dc &#8211; DAF &#8211; 4.605580"},"content":{"rendered":"","protected":false},"excerpt":{"rendered":"<p>2045580 &#8211; 1948946 &#8211; DEV\u0130RDA\u0130M SENS\u00d6R\u00dc &#8211; DAF<\/p>\n","protected":false},"featured_media":0,"comment_status":"closed","ping_status":"open","template":"","meta":[],"product_brand":[],"product_cat":[12469],"product_tag":[],"class_list":{"0":"post-27649","1":"product","2":"type-product","3":"status-publish","5":"product_cat-daf","6":"pa_arac-tipi-avrupa","7":"pa_marka-daf","8":"pa_model-cf-xf-xg","9":"pa_oed-no-4-605580","10":"pa_oem-no-2045580-1948946","11":"pa_urun-adi-devirdaim-sensoru","13":"first","14":"instock","15":"product-type-simple"},"_links":{"self":[{"href":"https:\/\/oedparts.com\/es\/wp-json\/wp\/v2\/product\/27649","targetHints":{"allow":["GET"]}}],"collection":[{"href":"https:\/\/oedparts.com\/es\/wp-json\/wp\/v2\/product"}],"about":[{"href":"https:\/\/oedparts.com\/es\/wp-json\/wp\/v2\/types\/product"}],"replies":[{"embeddable":true,"href":"https:\/\/oedparts.com\/es\/wp-json\/wp\/v2\/comments?post=27649"}],"wp:attachment":[{"href":"https:\/\/oedparts.com\/es\/wp-json\/wp\/v2\/media?parent=27649"}],"wp:term":[{"taxonomy":"product_brand","embeddable":true,"href":"https:\/\/oedparts.com\/es\/wp-json\/wp\/v2\/product_brand?post=27649"},{"taxonomy":"product_cat","embeddable":true,"href":"https:\/\/oedparts.com\/es\/wp-json\/wp\/v2\/product_cat?post=27649"},{"taxonomy":"product_tag","embeddable":true,"href":"https:\/\/oedparts.com\/es\/wp-json\/wp\/v2\/product_tag?post=27649"}],"curies":[{"name":"wp","href":"https:\/\/api.w.org\/{rel}","templated":true}]}}