{"id":27188,"date":"2025-09-02T17:50:18","date_gmt":"2025-09-02T14:50:18","guid":{"rendered":"https:\/\/oedparts.com\/urun\/1949540-2104578-2013121-elektromanyetik-devirdaim-daf-4-209540\/"},"modified":"2025-09-02T17:50:21","modified_gmt":"2025-09-02T14:50:21","slug":"1949540-2104578-2013121-elektromanyetik-devirdaim-daf-4-209540","status":"publish","type":"product","link":"https:\/\/oedparts.com\/es\/urun\/1949540-2104578-2013121-elektromanyetik-devirdaim-daf-4-209540\/","title":{"rendered":"1949540 &#8211; 2104578 &#8211; 2013121 &#8211; ELEKTROMANYET\u0130K DEV\u0130RDA\u0130M &#8211; DAF &#8211; 4.209540"},"content":{"rendered":"","protected":false},"excerpt":{"rendered":"<p>1949540 &#8211; 2104578 &#8211; 2013121 &#8211; ELEKTROMANYET\u0130K DEV\u0130RDA\u0130M &#8211; DAF<\/p>\n","protected":false},"featured_media":27189,"comment_status":"closed","ping_status":"open","template":"","meta":[],"product_brand":[],"product_cat":[12469,14477,14478],"product_tag":[],"class_list":{"0":"post-27188","1":"product","2":"type-product","3":"status-publish","4":"has-post-thumbnail","6":"product_cat-daf","7":"product_cat-paccar","8":"product_cat-peterbilt","9":"pa_arac-tipi-avrupa-amerikan","10":"pa_marka-daf-paccar-peterbilt","11":"pa_model-xf-cf-euro-6","12":"pa_oed-no-4-209540","13":"pa_oem-no-1949540-2104578-2013121","14":"pa_urun-adi-elektromanyetik-devirdaim","16":"first","17":"instock","18":"product-type-simple"},"_links":{"self":[{"href":"https:\/\/oedparts.com\/es\/wp-json\/wp\/v2\/product\/27188","targetHints":{"allow":["GET"]}}],"collection":[{"href":"https:\/\/oedparts.com\/es\/wp-json\/wp\/v2\/product"}],"about":[{"href":"https:\/\/oedparts.com\/es\/wp-json\/wp\/v2\/types\/product"}],"replies":[{"embeddable":true,"href":"https:\/\/oedparts.com\/es\/wp-json\/wp\/v2\/comments?post=27188"}],"wp:featuredmedia":[{"embeddable":true,"href":"https:\/\/oedparts.com\/es\/wp-json\/wp\/v2\/media\/27189"}],"wp:attachment":[{"href":"https:\/\/oedparts.com\/es\/wp-json\/wp\/v2\/media?parent=27188"}],"wp:term":[{"taxonomy":"product_brand","embeddable":true,"href":"https:\/\/oedparts.com\/es\/wp-json\/wp\/v2\/product_brand?post=27188"},{"taxonomy":"product_cat","embeddable":true,"href":"https:\/\/oedparts.com\/es\/wp-json\/wp\/v2\/product_cat?post=27188"},{"taxonomy":"product_tag","embeddable":true,"href":"https:\/\/oedparts.com\/es\/wp-json\/wp\/v2\/product_tag?post=27188"}],"curies":[{"name":"wp","href":"https:\/\/api.w.org\/{rel}","templated":true}]}}