{"id":27033,"date":"2025-09-02T17:49:02","date_gmt":"2025-09-02T14:49:02","guid":{"rendered":"https:\/\/oedparts.com\/urun\/1315381-1458701-karter-lastigi-daf-4-179701\/"},"modified":"2025-09-02T17:49:22","modified_gmt":"2025-09-02T14:49:22","slug":"1315381-1458701-karter-lastigi-daf-4-179701","status":"publish","type":"product","link":"https:\/\/oedparts.com\/es\/urun\/1315381-1458701-karter-lastigi-daf-4-179701\/","title":{"rendered":"1315381 &#8211; 1458701 &#8211; KARTER LAST\u0130\u011e\u0130 &#8211; DAF &#8211; 4.179701"},"content":{"rendered":"","protected":false},"excerpt":{"rendered":"<p>1315381 &#8211; 1458701 &#8211; KARTER LAST\u0130\u011e\u0130 &#8211; DAF<\/p>\n","protected":false},"featured_media":27034,"comment_status":"closed","ping_status":"open","template":"","meta":[],"product_brand":[],"product_cat":[12469],"product_tag":[],"class_list":{"0":"post-27033","1":"product","2":"type-product","3":"status-publish","4":"has-post-thumbnail","6":"product_cat-daf","7":"pa_arac-tipi-avrupa","8":"pa_marka-daf","9":"pa_model-cf-xf","10":"pa_oed-no-4-179701","11":"pa_oem-no-1315381-1458701","12":"pa_urun-adi-karter-lastigi","14":"first","15":"instock","16":"product-type-simple"},"_links":{"self":[{"href":"https:\/\/oedparts.com\/es\/wp-json\/wp\/v2\/product\/27033","targetHints":{"allow":["GET"]}}],"collection":[{"href":"https:\/\/oedparts.com\/es\/wp-json\/wp\/v2\/product"}],"about":[{"href":"https:\/\/oedparts.com\/es\/wp-json\/wp\/v2\/types\/product"}],"replies":[{"embeddable":true,"href":"https:\/\/oedparts.com\/es\/wp-json\/wp\/v2\/comments?post=27033"}],"wp:featuredmedia":[{"embeddable":true,"href":"https:\/\/oedparts.com\/es\/wp-json\/wp\/v2\/media\/27034"}],"wp:attachment":[{"href":"https:\/\/oedparts.com\/es\/wp-json\/wp\/v2\/media?parent=27033"}],"wp:term":[{"taxonomy":"product_brand","embeddable":true,"href":"https:\/\/oedparts.com\/es\/wp-json\/wp\/v2\/product_brand?post=27033"},{"taxonomy":"product_cat","embeddable":true,"href":"https:\/\/oedparts.com\/es\/wp-json\/wp\/v2\/product_cat?post=27033"},{"taxonomy":"product_tag","embeddable":true,"href":"https:\/\/oedparts.com\/es\/wp-json\/wp\/v2\/product_tag?post=27033"}],"curies":[{"name":"wp","href":"https:\/\/api.w.org\/{rel}","templated":true}]}}