{"id":26981,"date":"2025-09-02T17:48:34","date_gmt":"2025-09-02T14:48:34","guid":{"rendered":"https:\/\/oedparts.com\/urun\/2112479-2245293-eksantrik-mili-daf-4-162479\/"},"modified":"2025-09-02T17:48:42","modified_gmt":"2025-09-02T14:48:42","slug":"2112479-2245293-eksantrik-mili-daf-4-162479","status":"publish","type":"product","link":"https:\/\/oedparts.com\/es\/urun\/2112479-2245293-eksantrik-mili-daf-4-162479\/","title":{"rendered":"2112479 &#8211; 2245293 &#8211; EKSANTR\u0130K M\u0130L\u0130 &#8211; DAF &#8211; 4.162479"},"content":{"rendered":"","protected":false},"excerpt":{"rendered":"<p>2112479 &#8211; 2245293 &#8211; EKSANTR\u0130K M\u0130L\u0130 &#8211; DAF<\/p>\n","protected":false},"featured_media":26982,"comment_status":"closed","ping_status":"open","template":"","meta":[],"product_brand":[],"product_cat":[12469],"product_tag":[],"class_list":{"0":"post-26981","1":"product","2":"type-product","3":"status-publish","4":"has-post-thumbnail","6":"product_cat-daf","7":"pa_arac-tipi-avrupa","8":"pa_marka-daf","9":"pa_model-xf-106","10":"pa_oed-no-4-162479","11":"pa_oem-no-2112479-2245293","12":"pa_urun-adi-eksantrik-mili","14":"first","15":"instock","16":"product-type-simple"},"_links":{"self":[{"href":"https:\/\/oedparts.com\/es\/wp-json\/wp\/v2\/product\/26981","targetHints":{"allow":["GET"]}}],"collection":[{"href":"https:\/\/oedparts.com\/es\/wp-json\/wp\/v2\/product"}],"about":[{"href":"https:\/\/oedparts.com\/es\/wp-json\/wp\/v2\/types\/product"}],"replies":[{"embeddable":true,"href":"https:\/\/oedparts.com\/es\/wp-json\/wp\/v2\/comments?post=26981"}],"wp:featuredmedia":[{"embeddable":true,"href":"https:\/\/oedparts.com\/es\/wp-json\/wp\/v2\/media\/26982"}],"wp:attachment":[{"href":"https:\/\/oedparts.com\/es\/wp-json\/wp\/v2\/media?parent=26981"}],"wp:term":[{"taxonomy":"product_brand","embeddable":true,"href":"https:\/\/oedparts.com\/es\/wp-json\/wp\/v2\/product_brand?post=26981"},{"taxonomy":"product_cat","embeddable":true,"href":"https:\/\/oedparts.com\/es\/wp-json\/wp\/v2\/product_cat?post=26981"},{"taxonomy":"product_tag","embeddable":true,"href":"https:\/\/oedparts.com\/es\/wp-json\/wp\/v2\/product_tag?post=26981"}],"curies":[{"name":"wp","href":"https:\/\/api.w.org\/{rel}","templated":true}]}}