{"id":26824,"date":"2025-09-02T17:48:07","date_gmt":"2025-09-02T14:48:07","guid":{"rendered":"https:\/\/oedparts.com\/urun\/5010319562-dingil-kilit-pulu-renault-trucks-3-909562\/"},"modified":"2025-09-02T17:48:08","modified_gmt":"2025-09-02T14:48:08","slug":"5010319562-dingil-kilit-pulu-renault-trucks-3-909562","status":"publish","type":"product","link":"https:\/\/oedparts.com\/es\/urun\/5010319562-dingil-kilit-pulu-renault-trucks-3-909562\/","title":{"rendered":"5010319562 &#8211; D\u0130NG\u0130L K\u0130L\u0130T PULU &#8211; RENAULT TRUCKS &#8211; 3.909562"},"content":{"rendered":"","protected":false},"excerpt":{"rendered":"<p>5010319562 &#8211; D\u0130NG\u0130L K\u0130L\u0130T PULU &#8211; RENAULT TRUCKS<\/p>\n","protected":false},"featured_media":0,"comment_status":"closed","ping_status":"open","template":"","meta":[],"product_brand":[],"product_cat":[12481],"product_tag":[],"class_list":{"0":"post-26824","1":"product","2":"type-product","3":"status-publish","5":"product_cat-renault-trucks","6":"pa_arac-tipi-avrupa","7":"pa_marka-renault-trucks","8":"pa_model-kerax-magnum-premium","9":"pa_oed-no-3-909562","10":"pa_oem-no-14254","11":"pa_urun-adi-dingil-kilit-pulu","13":"first","14":"instock","15":"product-type-simple"},"_links":{"self":[{"href":"https:\/\/oedparts.com\/es\/wp-json\/wp\/v2\/product\/26824","targetHints":{"allow":["GET"]}}],"collection":[{"href":"https:\/\/oedparts.com\/es\/wp-json\/wp\/v2\/product"}],"about":[{"href":"https:\/\/oedparts.com\/es\/wp-json\/wp\/v2\/types\/product"}],"replies":[{"embeddable":true,"href":"https:\/\/oedparts.com\/es\/wp-json\/wp\/v2\/comments?post=26824"}],"wp:attachment":[{"href":"https:\/\/oedparts.com\/es\/wp-json\/wp\/v2\/media?parent=26824"}],"wp:term":[{"taxonomy":"product_brand","embeddable":true,"href":"https:\/\/oedparts.com\/es\/wp-json\/wp\/v2\/product_brand?post=26824"},{"taxonomy":"product_cat","embeddable":true,"href":"https:\/\/oedparts.com\/es\/wp-json\/wp\/v2\/product_cat?post=26824"},{"taxonomy":"product_tag","embeddable":true,"href":"https:\/\/oedparts.com\/es\/wp-json\/wp\/v2\/product_tag?post=26824"}],"curies":[{"name":"wp","href":"https:\/\/api.w.org\/{rel}","templated":true}]}}