{"id":26821,"date":"2025-09-02T17:46:52","date_gmt":"2025-09-02T14:46:52","guid":{"rendered":"https:\/\/oedparts.com\/urun\/5010056010-dingil-kilit-pulu-renault-trucks-3-906010\/"},"modified":"2025-09-02T17:47:49","modified_gmt":"2025-09-02T14:47:49","slug":"5010056010-dingil-kilit-pulu-renault-trucks-3-906010","status":"publish","type":"product","link":"https:\/\/oedparts.com\/es\/urun\/5010056010-dingil-kilit-pulu-renault-trucks-3-906010\/","title":{"rendered":"5010056010 &#8211; D\u0130NG\u0130L K\u0130L\u0130T PULU &#8211; RENAULT TRUCKS &#8211; 3.906010"},"content":{"rendered":"","protected":false},"excerpt":{"rendered":"<p>5010056010 &#8211; D\u0130NG\u0130L K\u0130L\u0130T PULU &#8211; RENAULT TRUCKS<\/p>\n","protected":false},"featured_media":0,"comment_status":"closed","ping_status":"open","template":"","meta":[],"product_brand":[],"product_cat":[12481],"product_tag":[],"class_list":{"0":"post-26821","1":"product","2":"type-product","3":"status-publish","5":"product_cat-renault-trucks","6":"pa_arac-tipi-avrupa","7":"pa_marka-renault-trucks","8":"pa_model-kerax-magnum-midlum-premium","9":"pa_oed-no-3-906010","10":"pa_oem-no-14247","11":"pa_urun-adi-dingil-kilit-pulu","13":"first","14":"instock","15":"product-type-simple"},"_links":{"self":[{"href":"https:\/\/oedparts.com\/es\/wp-json\/wp\/v2\/product\/26821","targetHints":{"allow":["GET"]}}],"collection":[{"href":"https:\/\/oedparts.com\/es\/wp-json\/wp\/v2\/product"}],"about":[{"href":"https:\/\/oedparts.com\/es\/wp-json\/wp\/v2\/types\/product"}],"replies":[{"embeddable":true,"href":"https:\/\/oedparts.com\/es\/wp-json\/wp\/v2\/comments?post=26821"}],"wp:attachment":[{"href":"https:\/\/oedparts.com\/es\/wp-json\/wp\/v2\/media?parent=26821"}],"wp:term":[{"taxonomy":"product_brand","embeddable":true,"href":"https:\/\/oedparts.com\/es\/wp-json\/wp\/v2\/product_brand?post=26821"},{"taxonomy":"product_cat","embeddable":true,"href":"https:\/\/oedparts.com\/es\/wp-json\/wp\/v2\/product_cat?post=26821"},{"taxonomy":"product_tag","embeddable":true,"href":"https:\/\/oedparts.com\/es\/wp-json\/wp\/v2\/product_tag?post=26821"}],"curies":[{"name":"wp","href":"https:\/\/api.w.org\/{rel}","templated":true}]}}