{"id":26740,"date":"2025-09-02T17:45:19","date_gmt":"2025-09-02T14:45:19","guid":{"rendered":"https:\/\/oedparts.com\/urun\/5010629053-7421814550-kabin-kaldirma-silindiri-renault-trucks-3-719053\/"},"modified":"2025-09-02T17:45:33","modified_gmt":"2025-09-02T14:45:33","slug":"5010629053-7421814550-kabin-kaldirma-silindiri-renault-trucks-3-719053","status":"publish","type":"product","link":"https:\/\/oedparts.com\/es\/urun\/5010629053-7421814550-kabin-kaldirma-silindiri-renault-trucks-3-719053\/","title":{"rendered":"5010629053 &#8211; 7421814550 &#8211; KAB\u0130N KALDIRMA S\u0130L\u0130ND\u0130R\u0130 &#8211; RENAULT TRUCKS &#8211; 3.719053"},"content":{"rendered":"","protected":false},"excerpt":{"rendered":"<p>5010629053 &#8211; 7421814550 &#8211; KAB\u0130N KALDIRMA S\u0130L\u0130ND\u0130R\u0130 &#8211; RENAULT TRUCKS<\/p>\n","protected":false},"featured_media":26741,"comment_status":"closed","ping_status":"open","template":"","meta":[],"product_brand":[],"product_cat":[12481],"product_tag":[],"class_list":{"0":"post-26740","1":"product","2":"type-product","3":"status-publish","4":"has-post-thumbnail","6":"product_cat-renault-trucks","7":"pa_arac-tipi-avrupa","8":"pa_marka-renault-trucks","9":"pa_model-d-serie","10":"pa_oed-no-3-719053","11":"pa_oem-no-5010629053-7421814550","12":"pa_urun-adi-kabin-kaldirma-silindiri","14":"first","15":"instock","16":"product-type-simple"},"_links":{"self":[{"href":"https:\/\/oedparts.com\/es\/wp-json\/wp\/v2\/product\/26740","targetHints":{"allow":["GET"]}}],"collection":[{"href":"https:\/\/oedparts.com\/es\/wp-json\/wp\/v2\/product"}],"about":[{"href":"https:\/\/oedparts.com\/es\/wp-json\/wp\/v2\/types\/product"}],"replies":[{"embeddable":true,"href":"https:\/\/oedparts.com\/es\/wp-json\/wp\/v2\/comments?post=26740"}],"wp:featuredmedia":[{"embeddable":true,"href":"https:\/\/oedparts.com\/es\/wp-json\/wp\/v2\/media\/26741"}],"wp:attachment":[{"href":"https:\/\/oedparts.com\/es\/wp-json\/wp\/v2\/media?parent=26740"}],"wp:term":[{"taxonomy":"product_brand","embeddable":true,"href":"https:\/\/oedparts.com\/es\/wp-json\/wp\/v2\/product_brand?post=26740"},{"taxonomy":"product_cat","embeddable":true,"href":"https:\/\/oedparts.com\/es\/wp-json\/wp\/v2\/product_cat?post=26740"},{"taxonomy":"product_tag","embeddable":true,"href":"https:\/\/oedparts.com\/es\/wp-json\/wp\/v2\/product_tag?post=26740"}],"curies":[{"name":"wp","href":"https:\/\/api.w.org\/{rel}","templated":true}]}}