{"id":26555,"date":"2025-09-02T17:44:35","date_gmt":"2025-09-02T14:44:35","guid":{"rendered":"https:\/\/oedparts.com\/urun\/50-10-284-792-5010284792-322gc45-21089217-mazot-el-otomatigi-renault-trucks-3-404792\/"},"modified":"2025-09-02T17:44:56","modified_gmt":"2025-09-02T14:44:56","slug":"50-10-284-792-5010284792-322gc45-21089217-mazot-el-otomatigi-renault-trucks-3-404792","status":"publish","type":"product","link":"https:\/\/oedparts.com\/es\/urun\/50-10-284-792-5010284792-322gc45-21089217-mazot-el-otomatigi-renault-trucks-3-404792\/","title":{"rendered":"50 10 284 792 &#8211; 5010284792 &#8211; 322GC45 &#8211; 21089217 &#8211; MAZOT EL OTOMAT\u0130\u011e\u0130 &#8211; RENAULT TRUCKS &#8211; 3.404792"},"content":{"rendered":"","protected":false},"excerpt":{"rendered":"<p>50 10 284 792 &#8211; 5010284792 &#8211; 322GC45 &#8211; 21089217 &#8211; MAZOT EL OTOMAT\u0130\u011e\u0130 &#8211; RENAULT TRUCKS<\/p>\n","protected":false},"featured_media":26556,"comment_status":"closed","ping_status":"open","template":"","meta":[],"product_brand":[],"product_cat":[12748,12481],"product_tag":[],"class_list":{"0":"post-26555","1":"product","2":"type-product","3":"status-publish","4":"has-post-thumbnail","6":"product_cat-mack","7":"product_cat-renault-trucks","8":"pa_arac-tipi-avrupa-amerikan","9":"pa_marka-renault-trucks-mack","10":"pa_model-magnum","11":"pa_oed-no-3-404792","12":"pa_oem-no-50-10-284-792-5010284792-322gc45-21089217","13":"pa_urun-adi-mazot-el-otomatigi","15":"first","16":"instock","17":"product-type-simple"},"_links":{"self":[{"href":"https:\/\/oedparts.com\/es\/wp-json\/wp\/v2\/product\/26555","targetHints":{"allow":["GET"]}}],"collection":[{"href":"https:\/\/oedparts.com\/es\/wp-json\/wp\/v2\/product"}],"about":[{"href":"https:\/\/oedparts.com\/es\/wp-json\/wp\/v2\/types\/product"}],"replies":[{"embeddable":true,"href":"https:\/\/oedparts.com\/es\/wp-json\/wp\/v2\/comments?post=26555"}],"wp:featuredmedia":[{"embeddable":true,"href":"https:\/\/oedparts.com\/es\/wp-json\/wp\/v2\/media\/26556"}],"wp:attachment":[{"href":"https:\/\/oedparts.com\/es\/wp-json\/wp\/v2\/media?parent=26555"}],"wp:term":[{"taxonomy":"product_brand","embeddable":true,"href":"https:\/\/oedparts.com\/es\/wp-json\/wp\/v2\/product_brand?post=26555"},{"taxonomy":"product_cat","embeddable":true,"href":"https:\/\/oedparts.com\/es\/wp-json\/wp\/v2\/product_cat?post=26555"},{"taxonomy":"product_tag","embeddable":true,"href":"https:\/\/oedparts.com\/es\/wp-json\/wp\/v2\/product_tag?post=26555"}],"curies":[{"name":"wp","href":"https:\/\/api.w.org\/{rel}","templated":true}]}}