{"id":26058,"date":"2025-09-02T17:42:30","date_gmt":"2025-09-02T14:42:30","guid":{"rendered":"https:\/\/oedparts.com\/urun\/7421177259-konnektor-direksiyon-volvo-trucks-2-927259\/"},"modified":"2025-09-02T19:30:51","modified_gmt":"2025-09-02T16:30:51","slug":"7421177259-konnektor-direksiyon-volvo-trucks-2-927259","status":"publish","type":"product","link":"https:\/\/oedparts.com\/es\/urun\/7421177259-konnektor-direksiyon-volvo-trucks-2-927259\/","title":{"rendered":"7421177259 &#8211; KONNEKT\u00d6R D\u0130REKS\u0130YON &#8211; VOLVO TRUCKS &#8211; 2.927259"},"content":{"rendered":"","protected":false},"excerpt":{"rendered":"<p>7421177259 &#8211; KONNEKT\u00d6R D\u0130REKS\u0130YON &#8211; VOLVO TRUCKS<\/p>\n","protected":false},"featured_media":0,"comment_status":"closed","ping_status":"closed","template":"","meta":[],"product_brand":[],"product_cat":[16144,12481,12459,12819,12471],"product_tag":[],"class_list":{"0":"post-26058","1":"product","2":"type-product","3":"status-publish","5":"product_cat-is-makinalari","6":"product_cat-renault-trucks","7":"product_cat-tir-kamyon","8":"product_cat-volvo-ce","9":"product_cat-volvo-trucks","10":"pa_arac-tipi-avrupa-amerikan","11":"pa_marka-volvo-trucks-renault-trucks-volvo-ce","12":"pa_model-fm-fh-fe-vm","13":"pa_oed-no-2-927259","14":"pa_oem-no-13799","15":"pa_urun-adi-konnektor-direksiyon","17":"first","18":"instock","19":"product-type-simple"},"_links":{"self":[{"href":"https:\/\/oedparts.com\/es\/wp-json\/wp\/v2\/product\/26058","targetHints":{"allow":["GET"]}}],"collection":[{"href":"https:\/\/oedparts.com\/es\/wp-json\/wp\/v2\/product"}],"about":[{"href":"https:\/\/oedparts.com\/es\/wp-json\/wp\/v2\/types\/product"}],"replies":[{"embeddable":true,"href":"https:\/\/oedparts.com\/es\/wp-json\/wp\/v2\/comments?post=26058"}],"wp:attachment":[{"href":"https:\/\/oedparts.com\/es\/wp-json\/wp\/v2\/media?parent=26058"}],"wp:term":[{"taxonomy":"product_brand","embeddable":true,"href":"https:\/\/oedparts.com\/es\/wp-json\/wp\/v2\/product_brand?post=26058"},{"taxonomy":"product_cat","embeddable":true,"href":"https:\/\/oedparts.com\/es\/wp-json\/wp\/v2\/product_cat?post=26058"},{"taxonomy":"product_tag","embeddable":true,"href":"https:\/\/oedparts.com\/es\/wp-json\/wp\/v2\/product_tag?post=26058"}],"curies":[{"name":"wp","href":"https:\/\/api.w.org\/{rel}","templated":true}]}}