{"id":26048,"date":"2025-09-02T17:42:30","date_gmt":"2025-09-02T14:42:30","guid":{"rendered":"https:\/\/oedparts.com\/urun\/8152450-burc-pimi-volvo-trucks-2-912450\/"},"modified":"2025-09-02T19:30:19","modified_gmt":"2025-09-02T16:30:19","slug":"8152450-burc-pimi-volvo-trucks-2-912450","status":"publish","type":"product","link":"https:\/\/oedparts.com\/es\/urun\/8152450-burc-pimi-volvo-trucks-2-912450\/","title":{"rendered":"8152450 &#8211; BUR\u00c7 P\u0130M\u0130 &#8211; VOLVO TRUCKS &#8211; 2.912450"},"content":{"rendered":"","protected":false},"excerpt":{"rendered":"<p>8152450 &#8211; BUR\u00c7 P\u0130M\u0130 &#8211; VOLVO TRUCKS<\/p>\n","protected":false},"featured_media":26049,"comment_status":"closed","ping_status":"closed","template":"","meta":[],"product_brand":[],"product_cat":[16144,12459,12819,12471],"product_tag":[],"class_list":{"0":"post-26048","1":"product","2":"type-product","3":"status-publish","4":"has-post-thumbnail","6":"product_cat-is-makinalari","7":"product_cat-tir-kamyon","8":"product_cat-volvo-ce","9":"product_cat-volvo-trucks","10":"pa_arac-tipi-avrupa-amerikan","11":"pa_marka-volvo-trucks-volvo-ce","12":"pa_oed-no-2-912450","13":"pa_oem-no-13792","14":"pa_urun-adi-burc-pimi","16":"first","17":"instock","18":"product-type-simple"},"_links":{"self":[{"href":"https:\/\/oedparts.com\/es\/wp-json\/wp\/v2\/product\/26048","targetHints":{"allow":["GET"]}}],"collection":[{"href":"https:\/\/oedparts.com\/es\/wp-json\/wp\/v2\/product"}],"about":[{"href":"https:\/\/oedparts.com\/es\/wp-json\/wp\/v2\/types\/product"}],"replies":[{"embeddable":true,"href":"https:\/\/oedparts.com\/es\/wp-json\/wp\/v2\/comments?post=26048"}],"wp:featuredmedia":[{"embeddable":true,"href":"https:\/\/oedparts.com\/es\/wp-json\/wp\/v2\/media\/26049"}],"wp:attachment":[{"href":"https:\/\/oedparts.com\/es\/wp-json\/wp\/v2\/media?parent=26048"}],"wp:term":[{"taxonomy":"product_brand","embeddable":true,"href":"https:\/\/oedparts.com\/es\/wp-json\/wp\/v2\/product_brand?post=26048"},{"taxonomy":"product_cat","embeddable":true,"href":"https:\/\/oedparts.com\/es\/wp-json\/wp\/v2\/product_cat?post=26048"},{"taxonomy":"product_tag","embeddable":true,"href":"https:\/\/oedparts.com\/es\/wp-json\/wp\/v2\/product_tag?post=26048"}],"curies":[{"name":"wp","href":"https:\/\/api.w.org\/{rel}","templated":true}]}}