{"id":26035,"date":"2025-09-02T17:42:30","date_gmt":"2025-09-02T14:42:30","guid":{"rendered":"https:\/\/oedparts.com\/urun\/1605838-dingil-kilit-pulu-volvo-trucks-2-905838\/"},"modified":"2025-09-02T19:28:01","modified_gmt":"2025-09-02T16:28:01","slug":"1605838-dingil-kilit-pulu-volvo-trucks-2-905838","status":"publish","type":"product","link":"https:\/\/oedparts.com\/es\/urun\/1605838-dingil-kilit-pulu-volvo-trucks-2-905838\/","title":{"rendered":"1605838 &#8211; D\u0130NG\u0130L K\u0130L\u0130T PULU &#8211; VOLVO TRUCKS &#8211; 2.905838"},"content":{"rendered":"","protected":false},"excerpt":{"rendered":"<p>1605838 &#8211; D\u0130NG\u0130L K\u0130L\u0130T PULU &#8211; VOLVO TRUCKS<\/p>\n","protected":false},"featured_media":0,"comment_status":"closed","ping_status":"closed","template":"","meta":[],"product_brand":[],"product_cat":[16144,12459,12819,12471],"product_tag":[],"class_list":{"0":"post-26035","1":"product","2":"type-product","3":"status-publish","5":"product_cat-is-makinalari","6":"product_cat-tir-kamyon","7":"product_cat-volvo-ce","8":"product_cat-volvo-trucks","9":"pa_arac-tipi-avrupa-amerikan","10":"pa_marka-volvo-trucks-volvo-ce","11":"pa_model-f-fl-n-nh-fm-fh","12":"pa_oed-no-2-905838","13":"pa_oem-no-13768","14":"pa_urun-adi-dingil-kilit-pulu","16":"first","17":"instock","18":"product-type-simple"},"_links":{"self":[{"href":"https:\/\/oedparts.com\/es\/wp-json\/wp\/v2\/product\/26035","targetHints":{"allow":["GET"]}}],"collection":[{"href":"https:\/\/oedparts.com\/es\/wp-json\/wp\/v2\/product"}],"about":[{"href":"https:\/\/oedparts.com\/es\/wp-json\/wp\/v2\/types\/product"}],"replies":[{"embeddable":true,"href":"https:\/\/oedparts.com\/es\/wp-json\/wp\/v2\/comments?post=26035"}],"wp:attachment":[{"href":"https:\/\/oedparts.com\/es\/wp-json\/wp\/v2\/media?parent=26035"}],"wp:term":[{"taxonomy":"product_brand","embeddable":true,"href":"https:\/\/oedparts.com\/es\/wp-json\/wp\/v2\/product_brand?post=26035"},{"taxonomy":"product_cat","embeddable":true,"href":"https:\/\/oedparts.com\/es\/wp-json\/wp\/v2\/product_cat?post=26035"},{"taxonomy":"product_tag","embeddable":true,"href":"https:\/\/oedparts.com\/es\/wp-json\/wp\/v2\/product_tag?post=26035"}],"curies":[{"name":"wp","href":"https:\/\/api.w.org\/{rel}","templated":true}]}}