{"id":26034,"date":"2025-09-02T17:42:30","date_gmt":"2025-09-02T14:42:30","guid":{"rendered":"https:\/\/oedparts.com\/urun\/21259636-21509748-21806549-7421806549-7421509748-dingil-kilit-pulu-volvo-trucks-2-904593\/"},"modified":"2025-09-02T17:42:34","modified_gmt":"2025-09-02T14:42:34","slug":"21259636-21509748-21806549-7421806549-7421509748-dingil-kilit-pulu-volvo-trucks-2-904593","status":"publish","type":"product","link":"https:\/\/oedparts.com\/es\/urun\/21259636-21509748-21806549-7421806549-7421509748-dingil-kilit-pulu-volvo-trucks-2-904593\/","title":{"rendered":"21259636 &#8211; 21509748 &#8211; 21806549 &#8211; 7421806549 &#8211; 7421509748 &#8211; D\u0130NG\u0130L K\u0130L\u0130T PULU &#8211; VOLVO TRUCKS &#8211; 2.904593"},"content":{"rendered":"","protected":false},"excerpt":{"rendered":"<p>21259636 &#8211; 21509748 &#8211; 21806549 &#8211; 7421806549 &#8211; 7421509748 &#8211; D\u0130NG\u0130L K\u0130L\u0130T PULU &#8211; VOLVO TRUCKS<\/p>\n","protected":false},"featured_media":0,"comment_status":"closed","ping_status":"open","template":"","meta":[],"product_brand":[],"product_cat":[12481,12471],"product_tag":[],"class_list":{"0":"post-26034","1":"product","2":"type-product","3":"status-publish","5":"product_cat-renault-trucks","6":"product_cat-volvo-trucks","7":"pa_arac-tipi-avrupa","8":"pa_marka-volvo-trucks-renault-trucks","9":"pa_model-fm-fh","10":"pa_oed-no-2-904593","11":"pa_oem-no-21259636-21509748-21806549-7421806549-7421509748","12":"pa_urun-adi-dingil-kilit-pulu","14":"first","15":"instock","16":"product-type-simple"},"_links":{"self":[{"href":"https:\/\/oedparts.com\/es\/wp-json\/wp\/v2\/product\/26034","targetHints":{"allow":["GET"]}}],"collection":[{"href":"https:\/\/oedparts.com\/es\/wp-json\/wp\/v2\/product"}],"about":[{"href":"https:\/\/oedparts.com\/es\/wp-json\/wp\/v2\/types\/product"}],"replies":[{"embeddable":true,"href":"https:\/\/oedparts.com\/es\/wp-json\/wp\/v2\/comments?post=26034"}],"wp:attachment":[{"href":"https:\/\/oedparts.com\/es\/wp-json\/wp\/v2\/media?parent=26034"}],"wp:term":[{"taxonomy":"product_brand","embeddable":true,"href":"https:\/\/oedparts.com\/es\/wp-json\/wp\/v2\/product_brand?post=26034"},{"taxonomy":"product_cat","embeddable":true,"href":"https:\/\/oedparts.com\/es\/wp-json\/wp\/v2\/product_cat?post=26034"},{"taxonomy":"product_tag","embeddable":true,"href":"https:\/\/oedparts.com\/es\/wp-json\/wp\/v2\/product_tag?post=26034"}],"curies":[{"name":"wp","href":"https:\/\/api.w.org\/{rel}","templated":true}]}}