{"id":25927,"date":"2025-09-02T17:40:49","date_gmt":"2025-09-02T14:40:49","guid":{"rendered":"https:\/\/oedparts.com\/urun\/20529672-20379358-ruzgarlik-kapagi-sag-volvo-trucks-2-759672\/"},"modified":"2025-09-02T17:41:11","modified_gmt":"2025-09-02T14:41:11","slug":"20529672-20379358-ruzgarlik-kapagi-sag-volvo-trucks-2-759672","status":"publish","type":"product","link":"https:\/\/oedparts.com\/es\/urun\/20529672-20379358-ruzgarlik-kapagi-sag-volvo-trucks-2-759672\/","title":{"rendered":"20529672 &#8211; 20379358 &#8211; R\u00dcZGARLIK KAPA\u011eI SA\u011e &#8211; VOLVO TRUCKS &#8211; 2.759672"},"content":{"rendered":"","protected":false},"excerpt":{"rendered":"<p>20529672 &#8211; 20379358 &#8211; R\u00dcZGARLIK KAPA\u011eI SA\u011e &#8211; VOLVO TRUCKS<\/p>\n","protected":false},"featured_media":25928,"comment_status":"closed","ping_status":"open","template":"","meta":[],"product_brand":[],"product_cat":[12471],"product_tag":[],"class_list":{"0":"post-25927","1":"product","2":"type-product","3":"status-publish","4":"has-post-thumbnail","6":"product_cat-volvo-trucks","7":"pa_arac-tipi-avrupa","8":"pa_marka-volvo-trucks","9":"pa_model-fh-fm","10":"pa_oed-no-2-759672","11":"pa_oem-no-20529672-20379358","12":"pa_urun-adi-ruzgarlik-kapagi-sag","14":"first","15":"instock","16":"product-type-simple"},"_links":{"self":[{"href":"https:\/\/oedparts.com\/es\/wp-json\/wp\/v2\/product\/25927","targetHints":{"allow":["GET"]}}],"collection":[{"href":"https:\/\/oedparts.com\/es\/wp-json\/wp\/v2\/product"}],"about":[{"href":"https:\/\/oedparts.com\/es\/wp-json\/wp\/v2\/types\/product"}],"replies":[{"embeddable":true,"href":"https:\/\/oedparts.com\/es\/wp-json\/wp\/v2\/comments?post=25927"}],"wp:featuredmedia":[{"embeddable":true,"href":"https:\/\/oedparts.com\/es\/wp-json\/wp\/v2\/media\/25928"}],"wp:attachment":[{"href":"https:\/\/oedparts.com\/es\/wp-json\/wp\/v2\/media?parent=25927"}],"wp:term":[{"taxonomy":"product_brand","embeddable":true,"href":"https:\/\/oedparts.com\/es\/wp-json\/wp\/v2\/product_brand?post=25927"},{"taxonomy":"product_cat","embeddable":true,"href":"https:\/\/oedparts.com\/es\/wp-json\/wp\/v2\/product_cat?post=25927"},{"taxonomy":"product_tag","embeddable":true,"href":"https:\/\/oedparts.com\/es\/wp-json\/wp\/v2\/product_tag?post=25927"}],"curies":[{"name":"wp","href":"https:\/\/api.w.org\/{rel}","templated":true}]}}