{"id":25916,"date":"2025-09-02T17:40:49","date_gmt":"2025-09-02T14:40:49","guid":{"rendered":"https:\/\/oedparts.com\/urun\/20442050-20583303-ceki-demiri-volvo-trucks-2-749389\/"},"modified":"2025-09-02T17:40:49","modified_gmt":"2025-09-02T14:40:49","slug":"20442050-20583303-ceki-demiri-volvo-trucks-2-749389","status":"publish","type":"product","link":"https:\/\/oedparts.com\/es\/urun\/20442050-20583303-ceki-demiri-volvo-trucks-2-749389\/","title":{"rendered":"20442050 &#8211; 20583303 &#8211; \u00c7EK\u0130 DEM\u0130R\u0130 &#8211; VOLVO TRUCKS &#8211; 2.749389"},"content":{"rendered":"","protected":false},"excerpt":{"rendered":"<p>20442050 &#8211; 20583303 &#8211; \u00c7EK\u0130 DEM\u0130R\u0130 &#8211; VOLVO TRUCKS<\/p>\n","protected":false},"featured_media":0,"comment_status":"closed","ping_status":"open","template":"","meta":[],"product_brand":[],"product_cat":[12471],"product_tag":[],"class_list":{"0":"post-25916","1":"product","2":"type-product","3":"status-publish","5":"product_cat-volvo-trucks","6":"pa_arac-tipi-avrupa","7":"pa_marka-volvo-trucks","8":"pa_model-fm","9":"pa_oed-no-2-749389","10":"pa_oem-no-20442050-20583303","11":"pa_urun-adi-ceki-demiri","13":"first","14":"instock","15":"product-type-simple"},"_links":{"self":[{"href":"https:\/\/oedparts.com\/es\/wp-json\/wp\/v2\/product\/25916","targetHints":{"allow":["GET"]}}],"collection":[{"href":"https:\/\/oedparts.com\/es\/wp-json\/wp\/v2\/product"}],"about":[{"href":"https:\/\/oedparts.com\/es\/wp-json\/wp\/v2\/types\/product"}],"replies":[{"embeddable":true,"href":"https:\/\/oedparts.com\/es\/wp-json\/wp\/v2\/comments?post=25916"}],"wp:attachment":[{"href":"https:\/\/oedparts.com\/es\/wp-json\/wp\/v2\/media?parent=25916"}],"wp:term":[{"taxonomy":"product_brand","embeddable":true,"href":"https:\/\/oedparts.com\/es\/wp-json\/wp\/v2\/product_brand?post=25916"},{"taxonomy":"product_cat","embeddable":true,"href":"https:\/\/oedparts.com\/es\/wp-json\/wp\/v2\/product_cat?post=25916"},{"taxonomy":"product_tag","embeddable":true,"href":"https:\/\/oedparts.com\/es\/wp-json\/wp\/v2\/product_tag?post=25916"}],"curies":[{"name":"wp","href":"https:\/\/api.w.org\/{rel}","templated":true}]}}