{"id":25875,"date":"2025-09-02T17:39:49","date_gmt":"2025-09-02T14:39:49","guid":{"rendered":"https:\/\/oedparts.com\/urun\/7422475032-kabin-seviye-cubugu-volvo-trucks-2-735032\/"},"modified":"2025-09-02T17:39:57","modified_gmt":"2025-09-02T14:39:57","slug":"7422475032-kabin-seviye-cubugu-volvo-trucks-2-735032","status":"publish","type":"product","link":"https:\/\/oedparts.com\/es\/urun\/7422475032-kabin-seviye-cubugu-volvo-trucks-2-735032\/","title":{"rendered":"7422475032 &#8211; KAB\u0130N SEV\u0130YE \u00c7UBU\u011eU &#8211; VOLVO TRUCKS &#8211; 2.735032"},"content":{"rendered":"","protected":false},"excerpt":{"rendered":"<p>7422475032 &#8211; KAB\u0130N SEV\u0130YE \u00c7UBU\u011eU &#8211; VOLVO TRUCKS<\/p>\n","protected":false},"featured_media":0,"comment_status":"closed","ping_status":"open","template":"","meta":[],"product_brand":[],"product_cat":[12481,12471],"product_tag":[],"class_list":{"0":"post-25875","1":"product","2":"type-product","3":"status-publish","5":"product_cat-renault-trucks","6":"product_cat-volvo-trucks","7":"pa_arac-tipi-avrupa","8":"pa_marka-volvo-trucks-renault-trucks","9":"pa_model-fh-fm","10":"pa_oed-no-2-735032","11":"pa_oem-no-13616","12":"pa_urun-adi-kabin-seviye-cubugu","14":"first","15":"instock","16":"product-type-simple"},"_links":{"self":[{"href":"https:\/\/oedparts.com\/es\/wp-json\/wp\/v2\/product\/25875","targetHints":{"allow":["GET"]}}],"collection":[{"href":"https:\/\/oedparts.com\/es\/wp-json\/wp\/v2\/product"}],"about":[{"href":"https:\/\/oedparts.com\/es\/wp-json\/wp\/v2\/types\/product"}],"replies":[{"embeddable":true,"href":"https:\/\/oedparts.com\/es\/wp-json\/wp\/v2\/comments?post=25875"}],"wp:attachment":[{"href":"https:\/\/oedparts.com\/es\/wp-json\/wp\/v2\/media?parent=25875"}],"wp:term":[{"taxonomy":"product_brand","embeddable":true,"href":"https:\/\/oedparts.com\/es\/wp-json\/wp\/v2\/product_brand?post=25875"},{"taxonomy":"product_cat","embeddable":true,"href":"https:\/\/oedparts.com\/es\/wp-json\/wp\/v2\/product_cat?post=25875"},{"taxonomy":"product_tag","embeddable":true,"href":"https:\/\/oedparts.com\/es\/wp-json\/wp\/v2\/product_tag?post=25875"}],"curies":[{"name":"wp","href":"https:\/\/api.w.org\/{rel}","templated":true}]}}