{"id":25867,"date":"2025-09-02T17:39:31","date_gmt":"2025-09-02T14:39:31","guid":{"rendered":"https:\/\/oedparts.com\/urun\/22475035-7422475035-7421390383-kabin-seviye-cubugu-volvo-trucks-2-730383\/"},"modified":"2025-09-02T17:39:40","modified_gmt":"2025-09-02T14:39:40","slug":"22475035-7422475035-7421390383-kabin-seviye-cubugu-volvo-trucks-2-730383","status":"publish","type":"product","link":"https:\/\/oedparts.com\/es\/urun\/22475035-7422475035-7421390383-kabin-seviye-cubugu-volvo-trucks-2-730383\/","title":{"rendered":"22475035 &#8211; 7422475035 &#8211; 7421390383 &#8211; KAB\u0130N SEV\u0130YE \u00c7UBU\u011eU &#8211; VOLVO TRUCKS &#8211; 2.730383"},"content":{"rendered":"","protected":false},"excerpt":{"rendered":"<p>22475035 &#8211; 7422475035 &#8211; 7421390383 &#8211; KAB\u0130N SEV\u0130YE \u00c7UBU\u011eU &#8211; VOLVO TRUCKS<\/p>\n","protected":false},"featured_media":0,"comment_status":"closed","ping_status":"open","template":"","meta":[],"product_brand":[],"product_cat":[12481,12471],"product_tag":[],"class_list":{"0":"post-25867","1":"product","2":"type-product","3":"status-publish","5":"product_cat-renault-trucks","6":"product_cat-volvo-trucks","7":"pa_arac-tipi-avrupa","8":"pa_marka-volvo-trucks-renault-trucks","9":"pa_model-fh-fm","10":"pa_oed-no-2-730383","11":"pa_oem-no-22475035-7422475035-7421390383","12":"pa_urun-adi-kabin-seviye-cubugu","14":"first","15":"instock","16":"product-type-simple"},"_links":{"self":[{"href":"https:\/\/oedparts.com\/es\/wp-json\/wp\/v2\/product\/25867","targetHints":{"allow":["GET"]}}],"collection":[{"href":"https:\/\/oedparts.com\/es\/wp-json\/wp\/v2\/product"}],"about":[{"href":"https:\/\/oedparts.com\/es\/wp-json\/wp\/v2\/types\/product"}],"replies":[{"embeddable":true,"href":"https:\/\/oedparts.com\/es\/wp-json\/wp\/v2\/comments?post=25867"}],"wp:attachment":[{"href":"https:\/\/oedparts.com\/es\/wp-json\/wp\/v2\/media?parent=25867"}],"wp:term":[{"taxonomy":"product_brand","embeddable":true,"href":"https:\/\/oedparts.com\/es\/wp-json\/wp\/v2\/product_brand?post=25867"},{"taxonomy":"product_cat","embeddable":true,"href":"https:\/\/oedparts.com\/es\/wp-json\/wp\/v2\/product_cat?post=25867"},{"taxonomy":"product_tag","embeddable":true,"href":"https:\/\/oedparts.com\/es\/wp-json\/wp\/v2\/product_tag?post=25867"}],"curies":[{"name":"wp","href":"https:\/\/api.w.org\/{rel}","templated":true}]}}