{"id":25701,"date":"2025-09-02T17:39:08","date_gmt":"2025-09-02T14:39:08","guid":{"rendered":"https:\/\/oedparts.com\/urun\/3944716-0501100020-koruk-seviye-ventili-volvo-trucks-2-564716\/"},"modified":"2025-09-02T19:24:32","modified_gmt":"2025-09-02T16:24:32","slug":"3944716-0501100020-koruk-seviye-ventili-volvo-trucks-2-564716","status":"publish","type":"product","link":"https:\/\/oedparts.com\/es\/urun\/3944716-0501100020-koruk-seviye-ventili-volvo-trucks-2-564716\/","title":{"rendered":"3944716 &#8211; 0501100020 &#8211; K\u00d6R\u00dcK SEV\u0130YE VENT\u0130L\u0130 &#8211; VOLVO TRUCKS &#8211; 2.564716"},"content":{"rendered":"","protected":false},"excerpt":{"rendered":"<p>3944716 &#8211; 0501100020 &#8211; K\u00d6R\u00dcK SEV\u0130YE VENT\u0130L\u0130 &#8211; VOLVO TRUCKS<\/p>\n","protected":false},"featured_media":25702,"comment_status":"closed","ping_status":"closed","template":"","meta":[],"product_brand":[],"product_cat":[16144,12459,12819,12471],"product_tag":[],"class_list":{"0":"post-25701","1":"product","2":"type-product","3":"status-publish","4":"has-post-thumbnail","6":"product_cat-is-makinalari","7":"product_cat-tir-kamyon","8":"product_cat-volvo-ce","9":"product_cat-volvo-trucks","10":"pa_arac-tipi-avrupa-amerikan","11":"pa_marka-volvo-trucks-volvo-ce","12":"pa_model-fh-fm-nh","13":"pa_oed-no-2-564716","14":"pa_oem-no-3944716-0501100020","15":"pa_urun-adi-koruk-seviye-ventili","17":"first","18":"instock","19":"product-type-simple"},"_links":{"self":[{"href":"https:\/\/oedparts.com\/es\/wp-json\/wp\/v2\/product\/25701","targetHints":{"allow":["GET"]}}],"collection":[{"href":"https:\/\/oedparts.com\/es\/wp-json\/wp\/v2\/product"}],"about":[{"href":"https:\/\/oedparts.com\/es\/wp-json\/wp\/v2\/types\/product"}],"replies":[{"embeddable":true,"href":"https:\/\/oedparts.com\/es\/wp-json\/wp\/v2\/comments?post=25701"}],"wp:featuredmedia":[{"embeddable":true,"href":"https:\/\/oedparts.com\/es\/wp-json\/wp\/v2\/media\/25702"}],"wp:attachment":[{"href":"https:\/\/oedparts.com\/es\/wp-json\/wp\/v2\/media?parent=25701"}],"wp:term":[{"taxonomy":"product_brand","embeddable":true,"href":"https:\/\/oedparts.com\/es\/wp-json\/wp\/v2\/product_brand?post=25701"},{"taxonomy":"product_cat","embeddable":true,"href":"https:\/\/oedparts.com\/es\/wp-json\/wp\/v2\/product_cat?post=25701"},{"taxonomy":"product_tag","embeddable":true,"href":"https:\/\/oedparts.com\/es\/wp-json\/wp\/v2\/product_tag?post=25701"}],"curies":[{"name":"wp","href":"https:\/\/api.w.org\/{rel}","templated":true}]}}