{"id":25639,"date":"2025-09-02T17:38:50","date_gmt":"2025-09-02T14:38:50","guid":{"rendered":"https:\/\/oedparts.com\/urun\/7420783917-20509138-21900852-22035807-mazot-filtre-govdesi-volvo-trucks-2-413287\/"},"modified":"2025-09-02T19:23:52","modified_gmt":"2025-09-02T16:23:52","slug":"7420783917-20509138-21900852-22035807-mazot-filtre-govdesi-volvo-trucks-2-413287","status":"publish","type":"product","link":"https:\/\/oedparts.com\/es\/urun\/7420783917-20509138-21900852-22035807-mazot-filtre-govdesi-volvo-trucks-2-413287\/","title":{"rendered":"7420783917 &#8211; 20509138 &#8211; 21900852 &#8211; 22035807 &#8211; MAZOT F\u0130LTRE G\u00d6VDES\u0130 &#8211; VOLVO TRUCKS &#8211; 2.413287"},"content":{"rendered":"","protected":false},"excerpt":{"rendered":"<p>7420783917 &#8211; 20509138 &#8211; 21900852 &#8211; 22035807 &#8211; MAZOT F\u0130LTRE G\u00d6VDES\u0130 &#8211; VOLVO TRUCKS<\/p>\n","protected":false},"featured_media":25640,"comment_status":"closed","ping_status":"closed","template":"","meta":[],"product_brand":[],"product_cat":[16144,12481,12459,12819,12471],"product_tag":[],"class_list":{"0":"post-25639","1":"product","2":"type-product","3":"status-publish","4":"has-post-thumbnail","6":"product_cat-is-makinalari","7":"product_cat-renault-trucks","8":"product_cat-tir-kamyon","9":"product_cat-volvo-ce","10":"product_cat-volvo-trucks","11":"pa_arac-tipi-avrupa-amerikan","12":"pa_marka-volvo-trucks-renault-trucks-volvo-ce","13":"pa_oed-no-2-413287","14":"pa_oem-no-7420783917-20509138-21900852-22035807","15":"pa_urun-adi-mazot-filtre-govdesi","17":"first","18":"instock","19":"product-type-simple"},"_links":{"self":[{"href":"https:\/\/oedparts.com\/es\/wp-json\/wp\/v2\/product\/25639","targetHints":{"allow":["GET"]}}],"collection":[{"href":"https:\/\/oedparts.com\/es\/wp-json\/wp\/v2\/product"}],"about":[{"href":"https:\/\/oedparts.com\/es\/wp-json\/wp\/v2\/types\/product"}],"replies":[{"embeddable":true,"href":"https:\/\/oedparts.com\/es\/wp-json\/wp\/v2\/comments?post=25639"}],"wp:featuredmedia":[{"embeddable":true,"href":"https:\/\/oedparts.com\/es\/wp-json\/wp\/v2\/media\/25640"}],"wp:attachment":[{"href":"https:\/\/oedparts.com\/es\/wp-json\/wp\/v2\/media?parent=25639"}],"wp:term":[{"taxonomy":"product_brand","embeddable":true,"href":"https:\/\/oedparts.com\/es\/wp-json\/wp\/v2\/product_brand?post=25639"},{"taxonomy":"product_cat","embeddable":true,"href":"https:\/\/oedparts.com\/es\/wp-json\/wp\/v2\/product_cat?post=25639"},{"taxonomy":"product_tag","embeddable":true,"href":"https:\/\/oedparts.com\/es\/wp-json\/wp\/v2\/product_tag?post=25639"}],"curies":[{"name":"wp","href":"https:\/\/api.w.org\/{rel}","templated":true}]}}