{"id":25634,"date":"2025-09-02T17:38:50","date_gmt":"2025-09-02T14:38:50","guid":{"rendered":"https:\/\/oedparts.com\/urun\/1199182-1698348-3826073-od20513-500007118-mazot-el-otomatigi-volvo-trucks-2-409182\/"},"modified":"2025-09-02T17:38:55","modified_gmt":"2025-09-02T14:38:55","slug":"1199182-1698348-3826073-od20513-500007118-mazot-el-otomatigi-volvo-trucks-2-409182","status":"publish","type":"product","link":"https:\/\/oedparts.com\/es\/urun\/1199182-1698348-3826073-od20513-500007118-mazot-el-otomatigi-volvo-trucks-2-409182\/","title":{"rendered":"1199182 &#8211; 1698348 &#8211; 3826073 &#8211; OD20513 &#8211; 500007118 &#8211; MAZOT EL OTOMAT\u0130\u011e\u0130 &#8211; VOLVO TRUCKS &#8211; 2.409182"},"content":{"rendered":"","protected":false},"excerpt":{"rendered":"<p>1199182 &#8211; 1698348 &#8211; 3826073 &#8211; OD20513 &#8211; 500007118 &#8211; MAZOT EL OTOMAT\u0130\u011e\u0130 &#8211; VOLVO TRUCKS<\/p>\n","protected":false},"featured_media":25635,"comment_status":"closed","ping_status":"open","template":"","meta":[],"product_brand":[],"product_cat":[12748,13481,12471],"product_tag":[],"class_list":{"0":"post-25634","1":"product","2":"type-product","3":"status-publish","4":"has-post-thumbnail","6":"product_cat-mack","7":"product_cat-perkins","8":"product_cat-volvo-trucks","9":"pa_arac-tipi-avrupa-amerikan","10":"pa_marka-volvo-trucks-mack-perkins","11":"pa_model-b7","12":"pa_oed-no-2-409182","13":"pa_oem-no-1199182-1698348-3826073-od20513-500007118","14":"pa_urun-adi-mazot-el-otomatigi","16":"first","17":"instock","18":"product-type-simple"},"_links":{"self":[{"href":"https:\/\/oedparts.com\/es\/wp-json\/wp\/v2\/product\/25634","targetHints":{"allow":["GET"]}}],"collection":[{"href":"https:\/\/oedparts.com\/es\/wp-json\/wp\/v2\/product"}],"about":[{"href":"https:\/\/oedparts.com\/es\/wp-json\/wp\/v2\/types\/product"}],"replies":[{"embeddable":true,"href":"https:\/\/oedparts.com\/es\/wp-json\/wp\/v2\/comments?post=25634"}],"wp:featuredmedia":[{"embeddable":true,"href":"https:\/\/oedparts.com\/es\/wp-json\/wp\/v2\/media\/25635"}],"wp:attachment":[{"href":"https:\/\/oedparts.com\/es\/wp-json\/wp\/v2\/media?parent=25634"}],"wp:term":[{"taxonomy":"product_brand","embeddable":true,"href":"https:\/\/oedparts.com\/es\/wp-json\/wp\/v2\/product_brand?post=25634"},{"taxonomy":"product_cat","embeddable":true,"href":"https:\/\/oedparts.com\/es\/wp-json\/wp\/v2\/product_cat?post=25634"},{"taxonomy":"product_tag","embeddable":true,"href":"https:\/\/oedparts.com\/es\/wp-json\/wp\/v2\/product_tag?post=25634"}],"curies":[{"name":"wp","href":"https:\/\/api.w.org\/{rel}","templated":true}]}}