{"id":25579,"date":"2025-09-02T17:38:24","date_gmt":"2025-09-02T14:38:24","guid":{"rendered":"https:\/\/oedparts.com\/urun\/3830076-244825-8092471-71445067-mazot-el-otomatigi-volvo-trucks-2-400076\/"},"modified":"2025-09-02T17:38:43","modified_gmt":"2025-09-02T14:38:43","slug":"3830076-244825-8092471-71445067-mazot-el-otomatigi-volvo-trucks-2-400076","status":"publish","type":"product","link":"https:\/\/oedparts.com\/es\/urun\/3830076-244825-8092471-71445067-mazot-el-otomatigi-volvo-trucks-2-400076\/","title":{"rendered":"3830076 &#8211; 244825 &#8211; 8092471 &#8211; 71445067 &#8211; MAZOT EL OTOMAT\u0130\u011e\u0130 &#8211; VOLVO TRUCKS &#8211; 2.400076"},"content":{"rendered":"","protected":false},"excerpt":{"rendered":"<p>3830076 &#8211; 244825 &#8211; 8092471 &#8211; 71445067 &#8211; MAZOT EL OTOMAT\u0130\u011e\u0130 &#8211; VOLVO TRUCKS<\/p>\n","protected":false},"featured_media":25580,"comment_status":"closed","ping_status":"open","template":"","meta":[],"product_brand":[],"product_cat":[12471],"product_tag":[],"class_list":{"0":"post-25579","1":"product","2":"type-product","3":"status-publish","4":"has-post-thumbnail","6":"product_cat-volvo-trucks","7":"pa_arac-tipi-avrupa","8":"pa_marka-volvo-trucks","9":"pa_model-fl-fe-fh","10":"pa_oed-no-2-400076","11":"pa_oem-no-3830076-244825-8092471-71445067","12":"pa_urun-adi-mazot-el-otomatigi","14":"first","15":"instock","16":"product-type-simple"},"_links":{"self":[{"href":"https:\/\/oedparts.com\/es\/wp-json\/wp\/v2\/product\/25579","targetHints":{"allow":["GET"]}}],"collection":[{"href":"https:\/\/oedparts.com\/es\/wp-json\/wp\/v2\/product"}],"about":[{"href":"https:\/\/oedparts.com\/es\/wp-json\/wp\/v2\/types\/product"}],"replies":[{"embeddable":true,"href":"https:\/\/oedparts.com\/es\/wp-json\/wp\/v2\/comments?post=25579"}],"wp:featuredmedia":[{"embeddable":true,"href":"https:\/\/oedparts.com\/es\/wp-json\/wp\/v2\/media\/25580"}],"wp:attachment":[{"href":"https:\/\/oedparts.com\/es\/wp-json\/wp\/v2\/media?parent=25579"}],"wp:term":[{"taxonomy":"product_brand","embeddable":true,"href":"https:\/\/oedparts.com\/es\/wp-json\/wp\/v2\/product_brand?post=25579"},{"taxonomy":"product_cat","embeddable":true,"href":"https:\/\/oedparts.com\/es\/wp-json\/wp\/v2\/product_cat?post=25579"},{"taxonomy":"product_tag","embeddable":true,"href":"https:\/\/oedparts.com\/es\/wp-json\/wp\/v2\/product_tag?post=25579"}],"curies":[{"name":"wp","href":"https:\/\/api.w.org\/{rel}","templated":true}]}}