{"id":25541,"date":"2025-09-02T17:38:24","date_gmt":"2025-09-02T14:38:24","guid":{"rendered":"https:\/\/oedparts.com\/urun\/7482348991-82348991-klima-radyatoru-volvo-trucks-2-258991\/"},"modified":"2025-09-02T17:38:29","modified_gmt":"2025-09-02T14:38:29","slug":"7482348991-82348991-klima-radyatoru-volvo-trucks-2-258991","status":"publish","type":"product","link":"https:\/\/oedparts.com\/es\/urun\/7482348991-82348991-klima-radyatoru-volvo-trucks-2-258991\/","title":{"rendered":"7482348991 &#8211; 82348991 &#8211; KL\u0130MA RADYAT\u00d6R\u00dc &#8211; VOLVO TRUCKS &#8211; 2.258991"},"content":{"rendered":"","protected":false},"excerpt":{"rendered":"<p>7482348991 &#8211; 82348991 &#8211; KL\u0130MA RADYAT\u00d6R\u00dc &#8211; VOLVO TRUCKS<\/p>\n","protected":false},"featured_media":25542,"comment_status":"closed","ping_status":"open","template":"","meta":[],"product_brand":[],"product_cat":[12481,12471],"product_tag":[],"class_list":{"0":"post-25541","1":"product","2":"type-product","3":"status-publish","4":"has-post-thumbnail","6":"product_cat-renault-trucks","7":"product_cat-volvo-trucks","8":"pa_arac-tipi-avrupa","9":"pa_marka-volvo-trucks-renault-trucks","10":"pa_model-fh","11":"pa_oed-no-2-258991","12":"pa_oem-no-7482348991-82348991","13":"pa_urun-adi-klima-radyatoru","15":"first","16":"instock","17":"product-type-simple"},"_links":{"self":[{"href":"https:\/\/oedparts.com\/es\/wp-json\/wp\/v2\/product\/25541","targetHints":{"allow":["GET"]}}],"collection":[{"href":"https:\/\/oedparts.com\/es\/wp-json\/wp\/v2\/product"}],"about":[{"href":"https:\/\/oedparts.com\/es\/wp-json\/wp\/v2\/types\/product"}],"replies":[{"embeddable":true,"href":"https:\/\/oedparts.com\/es\/wp-json\/wp\/v2\/comments?post=25541"}],"wp:featuredmedia":[{"embeddable":true,"href":"https:\/\/oedparts.com\/es\/wp-json\/wp\/v2\/media\/25542"}],"wp:attachment":[{"href":"https:\/\/oedparts.com\/es\/wp-json\/wp\/v2\/media?parent=25541"}],"wp:term":[{"taxonomy":"product_brand","embeddable":true,"href":"https:\/\/oedparts.com\/es\/wp-json\/wp\/v2\/product_brand?post=25541"},{"taxonomy":"product_cat","embeddable":true,"href":"https:\/\/oedparts.com\/es\/wp-json\/wp\/v2\/product_cat?post=25541"},{"taxonomy":"product_tag","embeddable":true,"href":"https:\/\/oedparts.com\/es\/wp-json\/wp\/v2\/product_tag?post=25541"}],"curies":[{"name":"wp","href":"https:\/\/api.w.org\/{rel}","templated":true}]}}