{"id":25363,"date":"2025-09-02T17:37:20","date_gmt":"2025-09-02T14:37:20","guid":{"rendered":"https:\/\/oedparts.com\/urun\/1076656-7401076656-porya-toz-lastigi-volvo-trucks-2-179656\/"},"modified":"2025-09-02T19:11:26","modified_gmt":"2025-09-02T16:11:26","slug":"1076656-7401076656-porya-toz-lastigi-volvo-trucks-2-179656","status":"publish","type":"product","link":"https:\/\/oedparts.com\/es\/urun\/1076656-7401076656-porya-toz-lastigi-volvo-trucks-2-179656\/","title":{"rendered":"1076656 &#8211; 7401076656 &#8211; PORYA TOZ LAST\u0130\u011e\u0130 &#8211; VOLVO TRUCKS &#8211; 2.179656"},"content":{"rendered":"","protected":false},"excerpt":{"rendered":"<p>1076656 &#8211; 7401076656 &#8211; PORYA TOZ LAST\u0130\u011e\u0130 &#8211; VOLVO TRUCKS<\/p>\n","protected":false},"featured_media":25364,"comment_status":"closed","ping_status":"closed","template":"","meta":[],"product_brand":[],"product_cat":[16144,12459,12819,12471],"product_tag":[],"class_list":{"0":"post-25363","1":"product","2":"type-product","3":"status-publish","4":"has-post-thumbnail","6":"product_cat-is-makinalari","7":"product_cat-tir-kamyon","8":"product_cat-volvo-ce","9":"product_cat-volvo-trucks","10":"pa_arac-tipi-avrupa-amerikan","11":"pa_marka-volvo-trucks-volvo-ce","12":"pa_model-vm","13":"pa_oed-no-2-179656","14":"pa_oem-no-1076656-7401076656","15":"pa_urun-adi-porya-toz-lastigi","17":"first","18":"instock","19":"product-type-simple"},"_links":{"self":[{"href":"https:\/\/oedparts.com\/es\/wp-json\/wp\/v2\/product\/25363","targetHints":{"allow":["GET"]}}],"collection":[{"href":"https:\/\/oedparts.com\/es\/wp-json\/wp\/v2\/product"}],"about":[{"href":"https:\/\/oedparts.com\/es\/wp-json\/wp\/v2\/types\/product"}],"replies":[{"embeddable":true,"href":"https:\/\/oedparts.com\/es\/wp-json\/wp\/v2\/comments?post=25363"}],"wp:featuredmedia":[{"embeddable":true,"href":"https:\/\/oedparts.com\/es\/wp-json\/wp\/v2\/media\/25364"}],"wp:attachment":[{"href":"https:\/\/oedparts.com\/es\/wp-json\/wp\/v2\/media?parent=25363"}],"wp:term":[{"taxonomy":"product_brand","embeddable":true,"href":"https:\/\/oedparts.com\/es\/wp-json\/wp\/v2\/product_brand?post=25363"},{"taxonomy":"product_cat","embeddable":true,"href":"https:\/\/oedparts.com\/es\/wp-json\/wp\/v2\/product_cat?post=25363"},{"taxonomy":"product_tag","embeddable":true,"href":"https:\/\/oedparts.com\/es\/wp-json\/wp\/v2\/product_tag?post=25363"}],"curies":[{"name":"wp","href":"https:\/\/api.w.org\/{rel}","templated":true}]}}