{"id":25337,"date":"2025-09-02T17:37:20","date_gmt":"2025-09-02T14:37:20","guid":{"rendered":"https:\/\/oedparts.com\/urun\/20804638-7420804638-subap-kapak-conta-lastigi-renault-trucks-2-179049\/"},"modified":"2025-09-02T17:37:22","modified_gmt":"2025-09-02T14:37:22","slug":"20804638-7420804638-subap-kapak-conta-lastigi-renault-trucks-2-179049","status":"publish","type":"product","link":"https:\/\/oedparts.com\/es\/urun\/20804638-7420804638-subap-kapak-conta-lastigi-renault-trucks-2-179049\/","title":{"rendered":"20804638 &#8211; 7420804638 &#8211; SUBAP KAPAK CONTA LAST\u0130\u011e\u0130 &#8211; RENAULT TRUCKS &#8211; 2.179049"},"content":{"rendered":"","protected":false},"excerpt":{"rendered":"<p>20804638 &#8211; 7420804638 &#8211; SUBAP KAPAK CONTA LAST\u0130\u011e\u0130 &#8211; RENAULT TRUCKS<\/p>\n","protected":false},"featured_media":25338,"comment_status":"closed","ping_status":"open","template":"","meta":[],"product_brand":[],"product_cat":[12481],"product_tag":[],"class_list":{"0":"post-25337","1":"product","2":"type-product","3":"status-publish","4":"has-post-thumbnail","6":"product_cat-renault-trucks","7":"pa_arac-tipi-avrupa","8":"pa_marka-renault-trucks","9":"pa_model-kerax-magnum-premium-c-k-t-series","10":"pa_oed-no-2-179049","11":"pa_oem-no-20804638-7420804638","12":"pa_urun-adi-subap-kapak-conta-lastigi","14":"first","15":"instock","16":"product-type-simple"},"_links":{"self":[{"href":"https:\/\/oedparts.com\/es\/wp-json\/wp\/v2\/product\/25337","targetHints":{"allow":["GET"]}}],"collection":[{"href":"https:\/\/oedparts.com\/es\/wp-json\/wp\/v2\/product"}],"about":[{"href":"https:\/\/oedparts.com\/es\/wp-json\/wp\/v2\/types\/product"}],"replies":[{"embeddable":true,"href":"https:\/\/oedparts.com\/es\/wp-json\/wp\/v2\/comments?post=25337"}],"wp:featuredmedia":[{"embeddable":true,"href":"https:\/\/oedparts.com\/es\/wp-json\/wp\/v2\/media\/25338"}],"wp:attachment":[{"href":"https:\/\/oedparts.com\/es\/wp-json\/wp\/v2\/media?parent=25337"}],"wp:term":[{"taxonomy":"product_brand","embeddable":true,"href":"https:\/\/oedparts.com\/es\/wp-json\/wp\/v2\/product_brand?post=25337"},{"taxonomy":"product_cat","embeddable":true,"href":"https:\/\/oedparts.com\/es\/wp-json\/wp\/v2\/product_cat?post=25337"},{"taxonomy":"product_tag","embeddable":true,"href":"https:\/\/oedparts.com\/es\/wp-json\/wp\/v2\/product_tag?post=25337"}],"curies":[{"name":"wp","href":"https:\/\/api.w.org\/{rel}","templated":true}]}}