{"id":25245,"date":"2025-09-02T17:36:57","date_gmt":"2025-09-02T14:36:57","guid":{"rendered":"https:\/\/oedparts.com\/urun\/20742608-22431883-22584599-eksantrik-mili-volvo-trucks-2-162608\/"},"modified":"2025-09-02T17:36:58","modified_gmt":"2025-09-02T14:36:58","slug":"20742608-22431883-22584599-eksantrik-mili-volvo-trucks-2-162608","status":"publish","type":"product","link":"https:\/\/oedparts.com\/es\/urun\/20742608-22431883-22584599-eksantrik-mili-volvo-trucks-2-162608\/","title":{"rendered":"20742608 &#8211; 22431883 &#8211; 22584599 &#8211; EKSANTR\u0130K M\u0130L\u0130 &#8211; VOLVO TRUCKS &#8211; 2.162608"},"content":{"rendered":"","protected":false},"excerpt":{"rendered":"<p>20742608 &#8211; 22431883 &#8211; 22584599 &#8211; EKSANTR\u0130K M\u0130L\u0130 &#8211; VOLVO TRUCKS<\/p>\n","protected":false},"featured_media":25246,"comment_status":"closed","ping_status":"open","template":"","meta":[],"product_brand":[],"product_cat":[12471],"product_tag":[],"class_list":{"0":"post-25245","1":"product","2":"type-product","3":"status-publish","4":"has-post-thumbnail","6":"product_cat-volvo-trucks","7":"pa_arac-tipi-avrupa","8":"pa_marka-volvo-trucks","9":"pa_model-fh-fm","10":"pa_oed-no-2-162608","11":"pa_oem-no-20742608-22431883-22584599","12":"pa_urun-adi-eksantrik-mili","14":"first","15":"instock","16":"product-type-simple"},"_links":{"self":[{"href":"https:\/\/oedparts.com\/es\/wp-json\/wp\/v2\/product\/25245","targetHints":{"allow":["GET"]}}],"collection":[{"href":"https:\/\/oedparts.com\/es\/wp-json\/wp\/v2\/product"}],"about":[{"href":"https:\/\/oedparts.com\/es\/wp-json\/wp\/v2\/types\/product"}],"replies":[{"embeddable":true,"href":"https:\/\/oedparts.com\/es\/wp-json\/wp\/v2\/comments?post=25245"}],"wp:featuredmedia":[{"embeddable":true,"href":"https:\/\/oedparts.com\/es\/wp-json\/wp\/v2\/media\/25246"}],"wp:attachment":[{"href":"https:\/\/oedparts.com\/es\/wp-json\/wp\/v2\/media?parent=25245"}],"wp:term":[{"taxonomy":"product_brand","embeddable":true,"href":"https:\/\/oedparts.com\/es\/wp-json\/wp\/v2\/product_brand?post=25245"},{"taxonomy":"product_cat","embeddable":true,"href":"https:\/\/oedparts.com\/es\/wp-json\/wp\/v2\/product_cat?post=25245"},{"taxonomy":"product_tag","embeddable":true,"href":"https:\/\/oedparts.com\/es\/wp-json\/wp\/v2\/product_tag?post=25245"}],"curies":[{"name":"wp","href":"https:\/\/api.w.org\/{rel}","templated":true}]}}