{"id":25225,"date":"2025-09-02T17:36:36","date_gmt":"2025-09-02T14:36:36","guid":{"rendered":"https:\/\/oedparts.com\/urun\/21110845-20757636-eksantrik-mili-volvo-trucks-2-160845\/"},"modified":"2025-09-02T17:36:47","modified_gmt":"2025-09-02T14:36:47","slug":"21110845-20757636-eksantrik-mili-volvo-trucks-2-160845","status":"publish","type":"product","link":"https:\/\/oedparts.com\/es\/urun\/21110845-20757636-eksantrik-mili-volvo-trucks-2-160845\/","title":{"rendered":"21110845 &#8211; 20757636 &#8211; EKSANTR\u0130K M\u0130L\u0130 &#8211; VOLVO TRUCKS &#8211; 2.160845"},"content":{"rendered":"","protected":false},"excerpt":{"rendered":"<p>21110845 &#8211; 20757636 &#8211; EKSANTR\u0130K M\u0130L\u0130 &#8211; VOLVO TRUCKS<\/p>\n","protected":false},"featured_media":25226,"comment_status":"closed","ping_status":"open","template":"","meta":[],"product_brand":[],"product_cat":[12471],"product_tag":[],"class_list":{"0":"post-25225","1":"product","2":"type-product","3":"status-publish","4":"has-post-thumbnail","6":"product_cat-volvo-trucks","7":"pa_arac-tipi-avrupa","8":"pa_marka-volvo-trucks","9":"pa_model-fh-fm","10":"pa_oed-no-2-160845","11":"pa_oem-no-21110845-20757636","12":"pa_urun-adi-eksantrik-mili","14":"first","15":"instock","16":"product-type-simple"},"_links":{"self":[{"href":"https:\/\/oedparts.com\/es\/wp-json\/wp\/v2\/product\/25225","targetHints":{"allow":["GET"]}}],"collection":[{"href":"https:\/\/oedparts.com\/es\/wp-json\/wp\/v2\/product"}],"about":[{"href":"https:\/\/oedparts.com\/es\/wp-json\/wp\/v2\/types\/product"}],"replies":[{"embeddable":true,"href":"https:\/\/oedparts.com\/es\/wp-json\/wp\/v2\/comments?post=25225"}],"wp:featuredmedia":[{"embeddable":true,"href":"https:\/\/oedparts.com\/es\/wp-json\/wp\/v2\/media\/25226"}],"wp:attachment":[{"href":"https:\/\/oedparts.com\/es\/wp-json\/wp\/v2\/media?parent=25225"}],"wp:term":[{"taxonomy":"product_brand","embeddable":true,"href":"https:\/\/oedparts.com\/es\/wp-json\/wp\/v2\/product_brand?post=25225"},{"taxonomy":"product_cat","embeddable":true,"href":"https:\/\/oedparts.com\/es\/wp-json\/wp\/v2\/product_cat?post=25225"},{"taxonomy":"product_tag","embeddable":true,"href":"https:\/\/oedparts.com\/es\/wp-json\/wp\/v2\/product_tag?post=25225"}],"curies":[{"name":"wp","href":"https:\/\/api.w.org\/{rel}","templated":true}]}}