{"id":24908,"date":"2025-09-02T17:35:21","date_gmt":"2025-09-02T14:35:21","guid":{"rendered":"https:\/\/oedparts.com\/urun\/1415143-85108711-4474335144-dingil-kilit-pulu-scania-10-908711\/"},"modified":"2025-09-02T18:56:03","modified_gmt":"2025-09-02T15:56:03","slug":"1415143-85108711-4474335144-dingil-kilit-pulu-scania-10-908711","status":"publish","type":"product","link":"https:\/\/oedparts.com\/es\/urun\/1415143-85108711-4474335144-dingil-kilit-pulu-scania-10-908711\/","title":{"rendered":"1415143 &#8211; 85108711 &#8211; 4474335144 &#8211; D\u0130NG\u0130L K\u0130L\u0130T PULU &#8211; SCANIA &#8211; 10.908711"},"content":{"rendered":"","protected":false},"excerpt":{"rendered":"<p>1415143 &#8211; 85108711 &#8211; 4474335144 &#8211; D\u0130NG\u0130L K\u0130L\u0130T PULU &#8211; SCANIA<\/p>\n","protected":false},"featured_media":0,"comment_status":"closed","ping_status":"closed","template":"","meta":[],"product_brand":[],"product_cat":[16144,12460,12459,12819],"product_tag":[],"class_list":{"0":"post-24908","1":"product","2":"type-product","3":"status-publish","5":"product_cat-is-makinalari","6":"product_cat-scania","7":"product_cat-tir-kamyon","8":"product_cat-volvo-ce","9":"pa_arac-tipi-avrupa-amerikan","10":"pa_marka-scania-volvo-ce","11":"pa_model-4-serie","12":"pa_oed-no-10-908711","13":"pa_oem-no-1415143-85108711-4474335144","14":"pa_urun-adi-dingil-kilit-pulu","16":"first","17":"instock","18":"product-type-simple"},"_links":{"self":[{"href":"https:\/\/oedparts.com\/es\/wp-json\/wp\/v2\/product\/24908","targetHints":{"allow":["GET"]}}],"collection":[{"href":"https:\/\/oedparts.com\/es\/wp-json\/wp\/v2\/product"}],"about":[{"href":"https:\/\/oedparts.com\/es\/wp-json\/wp\/v2\/types\/product"}],"replies":[{"embeddable":true,"href":"https:\/\/oedparts.com\/es\/wp-json\/wp\/v2\/comments?post=24908"}],"wp:attachment":[{"href":"https:\/\/oedparts.com\/es\/wp-json\/wp\/v2\/media?parent=24908"}],"wp:term":[{"taxonomy":"product_brand","embeddable":true,"href":"https:\/\/oedparts.com\/es\/wp-json\/wp\/v2\/product_brand?post=24908"},{"taxonomy":"product_cat","embeddable":true,"href":"https:\/\/oedparts.com\/es\/wp-json\/wp\/v2\/product_cat?post=24908"},{"taxonomy":"product_tag","embeddable":true,"href":"https:\/\/oedparts.com\/es\/wp-json\/wp\/v2\/product_tag?post=24908"}],"curies":[{"name":"wp","href":"https:\/\/api.w.org\/{rel}","templated":true}]}}