{"id":24901,"date":"2025-09-02T17:35:21","date_gmt":"2025-09-02T14:35:21","guid":{"rendered":"https:\/\/oedparts.com\/urun\/1330415-5001843116-disli-rulmani-universal-10-860415\/"},"modified":"2025-09-02T17:35:34","modified_gmt":"2025-09-02T14:35:34","slug":"1330415-5001843116-disli-rulmani-universal-10-860415","status":"publish","type":"product","link":"https:\/\/oedparts.com\/es\/urun\/1330415-5001843116-disli-rulmani-universal-10-860415\/","title":{"rendered":"1330415 &#8211; 5001843116 &#8211; D\u0130\u015eL\u0130 RULMANI &#8211; UNIVERSAL &#8211; 10.860415"},"content":{"rendered":"","protected":false},"excerpt":{"rendered":"<p>1330415 &#8211; 5001843116 &#8211; D\u0130\u015eL\u0130 RULMANI &#8211; UNIVERSAL<\/p>\n","protected":false},"featured_media":24902,"comment_status":"closed","ping_status":"open","template":"","meta":[],"product_brand":[],"product_cat":[12683],"product_tag":[],"class_list":{"0":"post-24901","1":"product","2":"type-product","3":"status-publish","4":"has-post-thumbnail","6":"product_cat-universal","7":"pa_arac-tipi-avrupa","8":"pa_marka-universal","9":"pa_oed-no-10-860415","10":"pa_oem-no-1330415-5001843116","11":"pa_urun-adi-disli-rulmani","13":"first","14":"instock","15":"product-type-simple"},"_links":{"self":[{"href":"https:\/\/oedparts.com\/es\/wp-json\/wp\/v2\/product\/24901","targetHints":{"allow":["GET"]}}],"collection":[{"href":"https:\/\/oedparts.com\/es\/wp-json\/wp\/v2\/product"}],"about":[{"href":"https:\/\/oedparts.com\/es\/wp-json\/wp\/v2\/types\/product"}],"replies":[{"embeddable":true,"href":"https:\/\/oedparts.com\/es\/wp-json\/wp\/v2\/comments?post=24901"}],"wp:featuredmedia":[{"embeddable":true,"href":"https:\/\/oedparts.com\/es\/wp-json\/wp\/v2\/media\/24902"}],"wp:attachment":[{"href":"https:\/\/oedparts.com\/es\/wp-json\/wp\/v2\/media?parent=24901"}],"wp:term":[{"taxonomy":"product_brand","embeddable":true,"href":"https:\/\/oedparts.com\/es\/wp-json\/wp\/v2\/product_brand?post=24901"},{"taxonomy":"product_cat","embeddable":true,"href":"https:\/\/oedparts.com\/es\/wp-json\/wp\/v2\/product_cat?post=24901"},{"taxonomy":"product_tag","embeddable":true,"href":"https:\/\/oedparts.com\/es\/wp-json\/wp\/v2\/product_tag?post=24901"}],"curies":[{"name":"wp","href":"https:\/\/api.w.org\/{rel}","templated":true}]}}