{"id":24776,"date":"2025-09-02T17:34:28","date_gmt":"2025-09-02T14:34:28","guid":{"rendered":"https:\/\/oedparts.com\/urun\/2021549-1889797-koruk-seviye-ventili-daf-10-561549\/"},"modified":"2025-09-02T17:34:48","modified_gmt":"2025-09-02T14:34:48","slug":"2021549-1889797-koruk-seviye-ventili-daf-10-561549","status":"publish","type":"product","link":"https:\/\/oedparts.com\/es\/urun\/2021549-1889797-koruk-seviye-ventili-daf-10-561549\/","title":{"rendered":"2021549 &#8211; 1889797 &#8211; K\u00d6R\u00dcK SEV\u0130YE VENT\u0130L\u0130 &#8211; DAF &#8211; 10.561549"},"content":{"rendered":"","protected":false},"excerpt":{"rendered":"<p>2021549 &#8211; 1889797 &#8211; K\u00d6R\u00dcK SEV\u0130YE VENT\u0130L\u0130 &#8211; DAF<\/p>\n","protected":false},"featured_media":0,"comment_status":"closed","ping_status":"open","template":"","meta":[],"product_brand":[],"product_cat":[12469,12460],"product_tag":[],"class_list":{"0":"post-24776","1":"product","2":"type-product","3":"status-publish","5":"product_cat-daf","6":"product_cat-scania","7":"pa_arac-tipi-avrupa","8":"pa_marka-daf-scania","9":"pa_model-cf-xf-xg","10":"pa_oed-no-10-561549","11":"pa_oem-no-2021549-1889797","12":"pa_urun-adi-koruk-seviye-ventili","14":"first","15":"instock","16":"product-type-simple"},"_links":{"self":[{"href":"https:\/\/oedparts.com\/es\/wp-json\/wp\/v2\/product\/24776","targetHints":{"allow":["GET"]}}],"collection":[{"href":"https:\/\/oedparts.com\/es\/wp-json\/wp\/v2\/product"}],"about":[{"href":"https:\/\/oedparts.com\/es\/wp-json\/wp\/v2\/types\/product"}],"replies":[{"embeddable":true,"href":"https:\/\/oedparts.com\/es\/wp-json\/wp\/v2\/comments?post=24776"}],"wp:attachment":[{"href":"https:\/\/oedparts.com\/es\/wp-json\/wp\/v2\/media?parent=24776"}],"wp:term":[{"taxonomy":"product_brand","embeddable":true,"href":"https:\/\/oedparts.com\/es\/wp-json\/wp\/v2\/product_brand?post=24776"},{"taxonomy":"product_cat","embeddable":true,"href":"https:\/\/oedparts.com\/es\/wp-json\/wp\/v2\/product_cat?post=24776"},{"taxonomy":"product_tag","embeddable":true,"href":"https:\/\/oedparts.com\/es\/wp-json\/wp\/v2\/product_tag?post=24776"}],"curies":[{"name":"wp","href":"https:\/\/api.w.org\/{rel}","templated":true}]}}