{"id":24734,"date":"2025-09-02T17:34:28","date_gmt":"2025-09-02T14:34:28","guid":{"rendered":"https:\/\/oedparts.com\/urun\/1313821-3986167-1518309-9254310330-kampana-tipi-fren-korugu-10-550330\/"},"modified":"2025-09-02T17:34:37","modified_gmt":"2025-09-02T14:34:37","slug":"1313821-3986167-1518309-9254310330-kampana-tipi-fren-korugu-10-550330","status":"publish","type":"product","link":"https:\/\/oedparts.com\/es\/urun\/1313821-3986167-1518309-9254310330-kampana-tipi-fren-korugu-10-550330\/","title":{"rendered":"1313821 &#8211; 3986167 &#8211; 1518309 &#8211; 9254310330 &#8211; KAMPANA T\u0130P\u0130 FREN K\u00d6R\u00dc\u011e\u00dc &#8211;  &#8211; 10.550330"},"content":{"rendered":"","protected":false},"excerpt":{"rendered":"<p>1313821 &#8211; 3986167 &#8211; 1518309 &#8211; 9254310330 &#8211; KAMPANA T\u0130P\u0130 FREN K\u00d6R\u00dc\u011e\u00dc &#8211; <\/p>\n","protected":false},"featured_media":0,"comment_status":"closed","ping_status":"open","template":"","meta":[],"product_brand":[],"product_cat":[11251],"product_tag":[],"class_list":{"0":"post-24734","1":"product","2":"type-product","3":"status-publish","5":"product_cat-uncategorized","6":"pa_arac-tipi-avrupa","7":"pa_oed-no-10-550330","8":"pa_oem-no-1313821-3986167-1518309-9254310330","9":"pa_urun-adi-kampana-tipi-fren-korugu","11":"first","12":"instock","13":"product-type-simple"},"_links":{"self":[{"href":"https:\/\/oedparts.com\/es\/wp-json\/wp\/v2\/product\/24734","targetHints":{"allow":["GET"]}}],"collection":[{"href":"https:\/\/oedparts.com\/es\/wp-json\/wp\/v2\/product"}],"about":[{"href":"https:\/\/oedparts.com\/es\/wp-json\/wp\/v2\/types\/product"}],"replies":[{"embeddable":true,"href":"https:\/\/oedparts.com\/es\/wp-json\/wp\/v2\/comments?post=24734"}],"wp:attachment":[{"href":"https:\/\/oedparts.com\/es\/wp-json\/wp\/v2\/media?parent=24734"}],"wp:term":[{"taxonomy":"product_brand","embeddable":true,"href":"https:\/\/oedparts.com\/es\/wp-json\/wp\/v2\/product_brand?post=24734"},{"taxonomy":"product_cat","embeddable":true,"href":"https:\/\/oedparts.com\/es\/wp-json\/wp\/v2\/product_cat?post=24734"},{"taxonomy":"product_tag","embeddable":true,"href":"https:\/\/oedparts.com\/es\/wp-json\/wp\/v2\/product_tag?post=24734"}],"curies":[{"name":"wp","href":"https:\/\/api.w.org\/{rel}","templated":true}]}}