{"id":24576,"date":"2025-09-02T17:33:27","date_gmt":"2025-09-02T14:33:27","guid":{"rendered":"https:\/\/oedparts.com\/urun\/1527819-1137496-1337496-1516767-klima-tupu-universal-10-250819\/"},"modified":"2025-09-02T17:33:30","modified_gmt":"2025-09-02T14:33:30","slug":"1527819-1137496-1337496-1516767-klima-tupu-universal-10-250819","status":"publish","type":"product","link":"https:\/\/oedparts.com\/es\/urun\/1527819-1137496-1337496-1516767-klima-tupu-universal-10-250819\/","title":{"rendered":"1527819 &#8211; 1137496 &#8211; 1337496 &#8211; 1516767 &#8211; KL\u0130MA T\u00dcP\u00dc &#8211; UNIVERSAL &#8211; 10.250819"},"content":{"rendered":"","protected":false},"excerpt":{"rendered":"<p>1527819 &#8211; 1137496 &#8211; 1337496 &#8211; 1516767 &#8211; KL\u0130MA T\u00dcP\u00dc &#8211; UNIVERSAL<\/p>\n","protected":false},"featured_media":24577,"comment_status":"closed","ping_status":"open","template":"","meta":[],"product_brand":[],"product_cat":[12469,12460,12683],"product_tag":[],"class_list":{"0":"post-24576","1":"product","2":"type-product","3":"status-publish","4":"has-post-thumbnail","6":"product_cat-daf","7":"product_cat-scania","8":"product_cat-universal","9":"pa_arac-tipi-avrupa","10":"pa_marka-universal-daf-scania","11":"pa_model-cf-lf-xf-4-p-g-r-t","12":"pa_oed-no-10-250819","13":"pa_oem-no-1527819-1137496-1337496-1516767","14":"pa_urun-adi-klima-tupu","16":"first","17":"instock","18":"product-type-simple"},"_links":{"self":[{"href":"https:\/\/oedparts.com\/es\/wp-json\/wp\/v2\/product\/24576","targetHints":{"allow":["GET"]}}],"collection":[{"href":"https:\/\/oedparts.com\/es\/wp-json\/wp\/v2\/product"}],"about":[{"href":"https:\/\/oedparts.com\/es\/wp-json\/wp\/v2\/types\/product"}],"replies":[{"embeddable":true,"href":"https:\/\/oedparts.com\/es\/wp-json\/wp\/v2\/comments?post=24576"}],"wp:featuredmedia":[{"embeddable":true,"href":"https:\/\/oedparts.com\/es\/wp-json\/wp\/v2\/media\/24577"}],"wp:attachment":[{"href":"https:\/\/oedparts.com\/es\/wp-json\/wp\/v2\/media?parent=24576"}],"wp:term":[{"taxonomy":"product_brand","embeddable":true,"href":"https:\/\/oedparts.com\/es\/wp-json\/wp\/v2\/product_brand?post=24576"},{"taxonomy":"product_cat","embeddable":true,"href":"https:\/\/oedparts.com\/es\/wp-json\/wp\/v2\/product_cat?post=24576"},{"taxonomy":"product_tag","embeddable":true,"href":"https:\/\/oedparts.com\/es\/wp-json\/wp\/v2\/product_tag?post=24576"}],"curies":[{"name":"wp","href":"https:\/\/api.w.org\/{rel}","templated":true}]}}