{"id":24306,"date":"2025-09-02T17:30:16","date_gmt":"2025-09-02T14:30:16","guid":{"rendered":"https:\/\/oedparts.com\/urun\/2567561-2295656-kabin-kaldirma-silindiri-scania-1-717561\/"},"modified":"2025-09-02T17:30:22","modified_gmt":"2025-09-02T14:30:22","slug":"2567561-2295656-kabin-kaldirma-silindiri-scania-1-717561","status":"publish","type":"product","link":"https:\/\/oedparts.com\/es\/urun\/2567561-2295656-kabin-kaldirma-silindiri-scania-1-717561\/","title":{"rendered":"2567561 &#8211; 2295656 &#8211; KAB\u0130N KALDIRMA S\u0130L\u0130ND\u0130R\u0130 &#8211; SCANIA &#8211; 1.717561"},"content":{"rendered":"","protected":false},"excerpt":{"rendered":"<p>2567561 &#8211; 2295656 &#8211; KAB\u0130N KALDIRMA S\u0130L\u0130ND\u0130R\u0130 &#8211; SCANIA<\/p>\n","protected":false},"featured_media":23932,"comment_status":"closed","ping_status":"open","template":"","meta":[],"product_brand":[],"product_cat":[12460],"product_tag":[],"class_list":{"0":"post-24306","1":"product","2":"type-product","3":"status-publish","4":"has-post-thumbnail","6":"product_cat-scania","7":"pa_arac-tipi-avrupa","8":"pa_marka-scania","9":"pa_model-p-g-r-t-l-s","10":"pa_oed-no-1-717561","11":"pa_oem-no-2567561-2295656","12":"pa_urun-adi-kabin-kaldirma-silindiri","14":"first","15":"instock","16":"product-type-simple"},"_links":{"self":[{"href":"https:\/\/oedparts.com\/es\/wp-json\/wp\/v2\/product\/24306","targetHints":{"allow":["GET"]}}],"collection":[{"href":"https:\/\/oedparts.com\/es\/wp-json\/wp\/v2\/product"}],"about":[{"href":"https:\/\/oedparts.com\/es\/wp-json\/wp\/v2\/types\/product"}],"replies":[{"embeddable":true,"href":"https:\/\/oedparts.com\/es\/wp-json\/wp\/v2\/comments?post=24306"}],"wp:featuredmedia":[{"embeddable":true,"href":"https:\/\/oedparts.com\/es\/wp-json\/wp\/v2\/media\/23932"}],"wp:attachment":[{"href":"https:\/\/oedparts.com\/es\/wp-json\/wp\/v2\/media?parent=24306"}],"wp:term":[{"taxonomy":"product_brand","embeddable":true,"href":"https:\/\/oedparts.com\/es\/wp-json\/wp\/v2\/product_brand?post=24306"},{"taxonomy":"product_cat","embeddable":true,"href":"https:\/\/oedparts.com\/es\/wp-json\/wp\/v2\/product_cat?post=24306"},{"taxonomy":"product_tag","embeddable":true,"href":"https:\/\/oedparts.com\/es\/wp-json\/wp\/v2\/product_tag?post=24306"}],"curies":[{"name":"wp","href":"https:\/\/api.w.org\/{rel}","templated":true}]}}