{"id":24298,"date":"2025-09-02T17:30:16","date_gmt":"2025-09-02T14:30:16","guid":{"rendered":"https:\/\/oedparts.com\/urun\/1423397-1517325-1720926-1466507-575103-575206-kabin-kaldirma-silindiri-scania-1-713397\/"},"modified":"2025-09-02T17:30:18","modified_gmt":"2025-09-02T14:30:18","slug":"1423397-1517325-1720926-1466507-575103-575206-kabin-kaldirma-silindiri-scania-1-713397","status":"publish","type":"product","link":"https:\/\/oedparts.com\/es\/urun\/1423397-1517325-1720926-1466507-575103-575206-kabin-kaldirma-silindiri-scania-1-713397\/","title":{"rendered":"1423397 &#8211; 1517325 &#8211; 1720926 &#8211; 1466507 &#8211; 575103 &#8211; 575206 &#8211; KAB\u0130N KALDIRMA S\u0130L\u0130ND\u0130R\u0130 &#8211; SCANIA &#8211; 1.713397"},"content":{"rendered":"","protected":false},"excerpt":{"rendered":"<p>1423397 &#8211; 1517325 &#8211; 1720926 &#8211; 1466507 &#8211; 575103 &#8211; 575206 &#8211; KAB\u0130N KALDIRMA S\u0130L\u0130ND\u0130R\u0130 &#8211; SCANIA<\/p>\n","protected":false},"featured_media":23896,"comment_status":"closed","ping_status":"open","template":"","meta":[],"product_brand":[],"product_cat":[12460],"product_tag":[],"class_list":{"0":"post-24298","1":"product","2":"type-product","3":"status-publish","4":"has-post-thumbnail","6":"product_cat-scania","7":"pa_arac-tipi-avrupa","8":"pa_marka-scania","9":"pa_model-4-p-g-r-t","10":"pa_oed-no-1-713397","11":"pa_oem-no-1423397-1517325-1720926-1466507-575103-575206","12":"pa_urun-adi-kabin-kaldirma-silindiri","14":"first","15":"instock","16":"product-type-simple"},"_links":{"self":[{"href":"https:\/\/oedparts.com\/es\/wp-json\/wp\/v2\/product\/24298","targetHints":{"allow":["GET"]}}],"collection":[{"href":"https:\/\/oedparts.com\/es\/wp-json\/wp\/v2\/product"}],"about":[{"href":"https:\/\/oedparts.com\/es\/wp-json\/wp\/v2\/types\/product"}],"replies":[{"embeddable":true,"href":"https:\/\/oedparts.com\/es\/wp-json\/wp\/v2\/comments?post=24298"}],"wp:featuredmedia":[{"embeddable":true,"href":"https:\/\/oedparts.com\/es\/wp-json\/wp\/v2\/media\/23896"}],"wp:attachment":[{"href":"https:\/\/oedparts.com\/es\/wp-json\/wp\/v2\/media?parent=24298"}],"wp:term":[{"taxonomy":"product_brand","embeddable":true,"href":"https:\/\/oedparts.com\/es\/wp-json\/wp\/v2\/product_brand?post=24298"},{"taxonomy":"product_cat","embeddable":true,"href":"https:\/\/oedparts.com\/es\/wp-json\/wp\/v2\/product_cat?post=24298"},{"taxonomy":"product_tag","embeddable":true,"href":"https:\/\/oedparts.com\/es\/wp-json\/wp\/v2\/product_tag?post=24298"}],"curies":[{"name":"wp","href":"https:\/\/api.w.org\/{rel}","templated":true}]}}