{"id":24259,"date":"2025-09-02T17:29:49","date_gmt":"2025-09-02T14:29:49","guid":{"rendered":"https:\/\/oedparts.com\/urun\/1505047-3944252-291591-gizli-tahliye-valfi-scania-1-564282\/"},"modified":"2025-09-02T17:29:50","modified_gmt":"2025-09-02T14:29:50","slug":"1505047-3944252-291591-gizli-tahliye-valfi-scania-1-564282","status":"publish","type":"product","link":"https:\/\/oedparts.com\/es\/urun\/1505047-3944252-291591-gizli-tahliye-valfi-scania-1-564282\/","title":{"rendered":"1505047 &#8211; 3944252 &#8211; 291591 &#8211; G\u0130ZL\u0130 TAHL\u0130YE VALF\u0130 &#8211; SCANIA &#8211; 1.564282"},"content":{"rendered":"","protected":false},"excerpt":{"rendered":"<p>1505047 &#8211; 3944252 &#8211; 291591 &#8211; G\u0130ZL\u0130 TAHL\u0130YE VALF\u0130 &#8211; SCANIA<\/p>\n","protected":false},"featured_media":23705,"comment_status":"closed","ping_status":"open","template":"","meta":[],"product_brand":[],"product_cat":[12460],"product_tag":[],"class_list":{"0":"post-24259","1":"product","2":"type-product","3":"status-publish","4":"has-post-thumbnail","6":"product_cat-scania","7":"pa_arac-tipi-avrupa","8":"pa_marka-scania","9":"pa_model-3-serie","10":"pa_oed-no-1-564282","11":"pa_oem-no-1505047-3944252-291591","12":"pa_urun-adi-gizli-tahliye-valfi","14":"first","15":"instock","16":"product-type-simple"},"_links":{"self":[{"href":"https:\/\/oedparts.com\/es\/wp-json\/wp\/v2\/product\/24259","targetHints":{"allow":["GET"]}}],"collection":[{"href":"https:\/\/oedparts.com\/es\/wp-json\/wp\/v2\/product"}],"about":[{"href":"https:\/\/oedparts.com\/es\/wp-json\/wp\/v2\/types\/product"}],"replies":[{"embeddable":true,"href":"https:\/\/oedparts.com\/es\/wp-json\/wp\/v2\/comments?post=24259"}],"wp:featuredmedia":[{"embeddable":true,"href":"https:\/\/oedparts.com\/es\/wp-json\/wp\/v2\/media\/23705"}],"wp:attachment":[{"href":"https:\/\/oedparts.com\/es\/wp-json\/wp\/v2\/media?parent=24259"}],"wp:term":[{"taxonomy":"product_brand","embeddable":true,"href":"https:\/\/oedparts.com\/es\/wp-json\/wp\/v2\/product_brand?post=24259"},{"taxonomy":"product_cat","embeddable":true,"href":"https:\/\/oedparts.com\/es\/wp-json\/wp\/v2\/product_cat?post=24259"},{"taxonomy":"product_tag","embeddable":true,"href":"https:\/\/oedparts.com\/es\/wp-json\/wp\/v2\/product_tag?post=24259"}],"curies":[{"name":"wp","href":"https:\/\/api.w.org\/{rel}","templated":true}]}}