{"id":24172,"date":"2025-09-02T17:28:19","date_gmt":"2025-09-02T14:28:19","guid":{"rendered":"https:\/\/oedparts.com\/urun\/2023798-eksantrik-mili-scania-1-163798\/"},"modified":"2025-09-02T17:28:25","modified_gmt":"2025-09-02T14:28:25","slug":"2023798-eksantrik-mili-scania-1-163798","status":"publish","type":"product","link":"https:\/\/oedparts.com\/es\/urun\/2023798-eksantrik-mili-scania-1-163798\/","title":{"rendered":"2023798 &#8211; EKSANTR\u0130K M\u0130L\u0130 &#8211; SCANIA &#8211; 1.163798"},"content":{"rendered":"","protected":false},"excerpt":{"rendered":"<p>2023798 &#8211; EKSANTR\u0130K M\u0130L\u0130 &#8211; SCANIA<\/p>\n","protected":false},"featured_media":23320,"comment_status":"closed","ping_status":"open","template":"","meta":[],"product_brand":[],"product_cat":[12460],"product_tag":[],"class_list":{"0":"post-24172","1":"product","2":"type-product","3":"status-publish","4":"has-post-thumbnail","6":"product_cat-scania","7":"pa_arac-tipi-avrupa","8":"pa_marka-scania","9":"pa_model-p-g-r-t-l-s","10":"pa_oed-no-1-163798","11":"pa_oem-no-11941","12":"pa_urun-adi-eksantrik-mili","14":"first","15":"instock","16":"product-type-simple"},"_links":{"self":[{"href":"https:\/\/oedparts.com\/es\/wp-json\/wp\/v2\/product\/24172","targetHints":{"allow":["GET"]}}],"collection":[{"href":"https:\/\/oedparts.com\/es\/wp-json\/wp\/v2\/product"}],"about":[{"href":"https:\/\/oedparts.com\/es\/wp-json\/wp\/v2\/types\/product"}],"replies":[{"embeddable":true,"href":"https:\/\/oedparts.com\/es\/wp-json\/wp\/v2\/comments?post=24172"}],"wp:featuredmedia":[{"embeddable":true,"href":"https:\/\/oedparts.com\/es\/wp-json\/wp\/v2\/media\/23320"}],"wp:attachment":[{"href":"https:\/\/oedparts.com\/es\/wp-json\/wp\/v2\/media?parent=24172"}],"wp:term":[{"taxonomy":"product_brand","embeddable":true,"href":"https:\/\/oedparts.com\/es\/wp-json\/wp\/v2\/product_brand?post=24172"},{"taxonomy":"product_cat","embeddable":true,"href":"https:\/\/oedparts.com\/es\/wp-json\/wp\/v2\/product_cat?post=24172"},{"taxonomy":"product_tag","embeddable":true,"href":"https:\/\/oedparts.com\/es\/wp-json\/wp\/v2\/product_tag?post=24172"}],"curies":[{"name":"wp","href":"https:\/\/api.w.org\/{rel}","templated":true}]}}