{"id":30151,"date":"2025-09-02T18:09:08","date_gmt":"2025-09-02T15:09:08","guid":{"rendered":"https:\/\/oedparts.com\/urun\/cf1001312-21006585-s-kam-mili-yatagi-meritor-9-946585\/"},"modified":"2025-09-02T18:09:41","modified_gmt":"2025-09-02T15:09:41","slug":"cf1001312-21006585-s-kam-mili-yatagi-meritor-9-946585","status":"publish","type":"product","link":"https:\/\/oedparts.com\/en\/urun\/cf1001312-21006585-s-kam-mili-yatagi-meritor-9-946585\/","title":{"rendered":"CF1001312 &#8211; 21006585 &#8211; S KAM M\u0130L\u0130 YATA\u011eI &#8211; MERITOR &#8211; 9.946585"},"content":{"rendered":"","protected":false},"excerpt":{"rendered":"<p>CF1001312 &#8211; 21006585 &#8211; S KAM M\u0130L\u0130 YATA\u011eI &#8211; MERITOR<\/p>\n","protected":false},"featured_media":30152,"comment_status":"closed","ping_status":"open","template":"","meta":[],"product_brand":[],"product_cat":[12643],"product_tag":[],"class_list":{"0":"post-30151","1":"product","2":"type-product","3":"status-publish","4":"has-post-thumbnail","6":"product_cat-meritor","7":"pa_arac-tipi-avrupa-amerikan","8":"pa_marka-meritor","9":"pa_oed-no-9-946585","10":"pa_oem-no-cf1001312-21006585","11":"pa_urun-adi-s-kam-mili-yatagi","13":"first","14":"instock","15":"product-type-simple"},"_links":{"self":[{"href":"https:\/\/oedparts.com\/en\/wp-json\/wp\/v2\/product\/30151","targetHints":{"allow":["GET"]}}],"collection":[{"href":"https:\/\/oedparts.com\/en\/wp-json\/wp\/v2\/product"}],"about":[{"href":"https:\/\/oedparts.com\/en\/wp-json\/wp\/v2\/types\/product"}],"replies":[{"embeddable":true,"href":"https:\/\/oedparts.com\/en\/wp-json\/wp\/v2\/comments?post=30151"}],"wp:featuredmedia":[{"embeddable":true,"href":"https:\/\/oedparts.com\/en\/wp-json\/wp\/v2\/media\/30152"}],"wp:attachment":[{"href":"https:\/\/oedparts.com\/en\/wp-json\/wp\/v2\/media?parent=30151"}],"wp:term":[{"taxonomy":"product_brand","embeddable":true,"href":"https:\/\/oedparts.com\/en\/wp-json\/wp\/v2\/product_brand?post=30151"},{"taxonomy":"product_cat","embeddable":true,"href":"https:\/\/oedparts.com\/en\/wp-json\/wp\/v2\/product_cat?post=30151"},{"taxonomy":"product_tag","embeddable":true,"href":"https:\/\/oedparts.com\/en\/wp-json\/wp\/v2\/product_tag?post=30151"}],"curies":[{"name":"wp","href":"https:\/\/api.w.org\/{rel}","templated":true}]}}