{"id":30091,"date":"2025-09-02T18:08:45","date_gmt":"2025-09-02T15:08:45","guid":{"rendered":"https:\/\/oedparts.com\/urun\/41015486-500337311-504062817-504173054-dcd2-106999-kabin-kaldirma-silindiri-iveco-7-715486\/"},"modified":"2025-09-02T18:08:58","modified_gmt":"2025-09-02T15:08:58","slug":"41015486-500337311-504062817-504173054-dcd2-106999-kabin-kaldirma-silindiri-iveco-7-715486","status":"publish","type":"product","link":"https:\/\/oedparts.com\/en\/urun\/41015486-500337311-504062817-504173054-dcd2-106999-kabin-kaldirma-silindiri-iveco-7-715486\/","title":{"rendered":"41015486 &#8211; 500337311 &#8211; 504062817 &#8211; 504173054 &#8211; DCD2-106999 &#8211; KAB\u0130N KALDIRMA S\u0130L\u0130ND\u0130R\u0130 &#8211; IVECO &#8211; 7.715486"},"content":{"rendered":"","protected":false},"excerpt":{"rendered":"<p>41015486 &#8211; 500337311 &#8211; 504062817 &#8211; 504173054 &#8211; DCD2-106999 &#8211; KAB\u0130N KALDIRMA S\u0130L\u0130ND\u0130R\u0130 &#8211; IVECO<\/p>\n","protected":false},"featured_media":30092,"comment_status":"closed","ping_status":"open","template":"","meta":[],"product_brand":[],"product_cat":[16077,12475],"product_tag":[],"class_list":{"0":"post-30091","1":"product","2":"type-product","3":"status-publish","4":"has-post-thumbnail","6":"product_cat-az-ural","7":"product_cat-iveco","8":"pa_arac-tipi-avrupa","9":"pa_marka-iveco-az-ural","10":"pa_model-stralis-eurostar-eurotech-eurotrakker","11":"pa_oed-no-7-715486","12":"pa_oem-no-41015486-500337311-504062817-504173054-dcd2-106999","13":"pa_urun-adi-kabin-kaldirma-silindiri","15":"first","16":"instock","17":"product-type-simple"},"_links":{"self":[{"href":"https:\/\/oedparts.com\/en\/wp-json\/wp\/v2\/product\/30091","targetHints":{"allow":["GET"]}}],"collection":[{"href":"https:\/\/oedparts.com\/en\/wp-json\/wp\/v2\/product"}],"about":[{"href":"https:\/\/oedparts.com\/en\/wp-json\/wp\/v2\/types\/product"}],"replies":[{"embeddable":true,"href":"https:\/\/oedparts.com\/en\/wp-json\/wp\/v2\/comments?post=30091"}],"wp:featuredmedia":[{"embeddable":true,"href":"https:\/\/oedparts.com\/en\/wp-json\/wp\/v2\/media\/30092"}],"wp:attachment":[{"href":"https:\/\/oedparts.com\/en\/wp-json\/wp\/v2\/media?parent=30091"}],"wp:term":[{"taxonomy":"product_brand","embeddable":true,"href":"https:\/\/oedparts.com\/en\/wp-json\/wp\/v2\/product_brand?post=30091"},{"taxonomy":"product_cat","embeddable":true,"href":"https:\/\/oedparts.com\/en\/wp-json\/wp\/v2\/product_cat?post=30091"},{"taxonomy":"product_tag","embeddable":true,"href":"https:\/\/oedparts.com\/en\/wp-json\/wp\/v2\/product_tag?post=30091"}],"curies":[{"name":"wp","href":"https:\/\/api.w.org\/{rel}","templated":true}]}}