{"id":30086,"date":"2025-09-02T18:08:45","date_gmt":"2025-09-02T15:08:45","guid":{"rendered":"https:\/\/oedparts.com\/urun\/500370651-504173057-5802758463-kabin-kaldirma-silindiri-iveco-7-710651\/"},"modified":"2025-09-02T18:08:57","modified_gmt":"2025-09-02T15:08:57","slug":"500370651-504173057-5802758463-kabin-kaldirma-silindiri-iveco-7-710651","status":"publish","type":"product","link":"https:\/\/oedparts.com\/en\/urun\/500370651-504173057-5802758463-kabin-kaldirma-silindiri-iveco-7-710651\/","title":{"rendered":"500370651 &#8211; 504173057 &#8211; 5802758463 &#8211; KAB\u0130N KALDIRMA S\u0130L\u0130ND\u0130R\u0130 &#8211; IVECO &#8211; 7.710651"},"content":{"rendered":"","protected":false},"excerpt":{"rendered":"<p>500370651 &#8211; 504173057 &#8211; 5802758463 &#8211; KAB\u0130N KALDIRMA S\u0130L\u0130ND\u0130R\u0130 &#8211; IVECO<\/p>\n","protected":false},"featured_media":30087,"comment_status":"closed","ping_status":"open","template":"","meta":[],"product_brand":[],"product_cat":[12475],"product_tag":[],"class_list":{"0":"post-30086","1":"product","2":"type-product","3":"status-publish","4":"has-post-thumbnail","6":"product_cat-iveco","7":"pa_arac-tipi-avrupa","8":"pa_marka-iveco","9":"pa_model-t-way-x-way-stralis-trakker","10":"pa_oed-no-7-710651","11":"pa_oem-no-500370651-504173057-5802758463","12":"pa_urun-adi-kabin-kaldirma-silindiri","14":"first","15":"instock","16":"product-type-simple"},"_links":{"self":[{"href":"https:\/\/oedparts.com\/en\/wp-json\/wp\/v2\/product\/30086","targetHints":{"allow":["GET"]}}],"collection":[{"href":"https:\/\/oedparts.com\/en\/wp-json\/wp\/v2\/product"}],"about":[{"href":"https:\/\/oedparts.com\/en\/wp-json\/wp\/v2\/types\/product"}],"replies":[{"embeddable":true,"href":"https:\/\/oedparts.com\/en\/wp-json\/wp\/v2\/comments?post=30086"}],"wp:featuredmedia":[{"embeddable":true,"href":"https:\/\/oedparts.com\/en\/wp-json\/wp\/v2\/media\/30087"}],"wp:attachment":[{"href":"https:\/\/oedparts.com\/en\/wp-json\/wp\/v2\/media?parent=30086"}],"wp:term":[{"taxonomy":"product_brand","embeddable":true,"href":"https:\/\/oedparts.com\/en\/wp-json\/wp\/v2\/product_brand?post=30086"},{"taxonomy":"product_cat","embeddable":true,"href":"https:\/\/oedparts.com\/en\/wp-json\/wp\/v2\/product_cat?post=30086"},{"taxonomy":"product_tag","embeddable":true,"href":"https:\/\/oedparts.com\/en\/wp-json\/wp\/v2\/product_tag?post=30086"}],"curies":[{"name":"wp","href":"https:\/\/api.w.org\/{rel}","templated":true}]}}