{"id":29986,"date":"2025-09-02T18:08:22","date_gmt":"2025-09-02T15:08:22","guid":{"rendered":"https:\/\/oedparts.com\/urun\/3830076-244825-8092471-71445067-mazot-el-otomatigi-iveco-7-400076\/"},"modified":"2025-09-02T18:08:35","modified_gmt":"2025-09-02T15:08:35","slug":"3830076-244825-8092471-71445067-mazot-el-otomatigi-iveco-7-400076","status":"publish","type":"product","link":"https:\/\/oedparts.com\/en\/urun\/3830076-244825-8092471-71445067-mazot-el-otomatigi-iveco-7-400076\/","title":{"rendered":"3830076 &#8211; 244825 &#8211; 8092471 &#8211; 71445067 &#8211; MAZOT EL OTOMAT\u0130\u011e\u0130 &#8211; IVECO &#8211; 7.400076"},"content":{"rendered":"","protected":false},"excerpt":{"rendered":"<p>3830076 &#8211; 244825 &#8211; 8092471 &#8211; 71445067 &#8211; MAZOT EL OTOMAT\u0130\u011e\u0130 &#8211; IVECO<\/p>\n","protected":false},"featured_media":29987,"comment_status":"closed","ping_status":"open","template":"","meta":[],"product_brand":[],"product_cat":[12475],"product_tag":[],"class_list":{"0":"post-29986","1":"product","2":"type-product","3":"status-publish","4":"has-post-thumbnail","6":"product_cat-iveco","7":"pa_arac-tipi-avrupa","8":"pa_marka-iveco","9":"pa_model-multibrand","10":"pa_oed-no-7-400076","11":"pa_oem-no-3830076-244825-8092471-71445067","12":"pa_urun-adi-mazot-el-otomatigi","14":"first","15":"instock","16":"product-type-simple"},"_links":{"self":[{"href":"https:\/\/oedparts.com\/en\/wp-json\/wp\/v2\/product\/29986","targetHints":{"allow":["GET"]}}],"collection":[{"href":"https:\/\/oedparts.com\/en\/wp-json\/wp\/v2\/product"}],"about":[{"href":"https:\/\/oedparts.com\/en\/wp-json\/wp\/v2\/types\/product"}],"replies":[{"embeddable":true,"href":"https:\/\/oedparts.com\/en\/wp-json\/wp\/v2\/comments?post=29986"}],"wp:featuredmedia":[{"embeddable":true,"href":"https:\/\/oedparts.com\/en\/wp-json\/wp\/v2\/media\/29987"}],"wp:attachment":[{"href":"https:\/\/oedparts.com\/en\/wp-json\/wp\/v2\/media?parent=29986"}],"wp:term":[{"taxonomy":"product_brand","embeddable":true,"href":"https:\/\/oedparts.com\/en\/wp-json\/wp\/v2\/product_brand?post=29986"},{"taxonomy":"product_cat","embeddable":true,"href":"https:\/\/oedparts.com\/en\/wp-json\/wp\/v2\/product_cat?post=29986"},{"taxonomy":"product_tag","embeddable":true,"href":"https:\/\/oedparts.com\/en\/wp-json\/wp\/v2\/product_tag?post=29986"}],"curies":[{"name":"wp","href":"https:\/\/api.w.org\/{rel}","templated":true}]}}