{"id":29625,"date":"2025-09-02T18:05:56","date_gmt":"2025-09-02T15:05:56","guid":{"rendered":"https:\/\/oedparts.com\/urun\/51121507006-51121507016-51121507022-81121506011-1519533-mazot-el-otomatigi-man-6-407016\/"},"modified":"2025-09-02T18:06:38","modified_gmt":"2025-09-02T15:06:38","slug":"51121507006-51121507016-51121507022-81121506011-1519533-mazot-el-otomatigi-man-6-407016","status":"publish","type":"product","link":"https:\/\/oedparts.com\/en\/urun\/51121507006-51121507016-51121507022-81121506011-1519533-mazot-el-otomatigi-man-6-407016\/","title":{"rendered":"51121507006 &#8211; 51121507016 &#8211; 51121507022 &#8211; 81121506011 &#8211; 1519533 &#8211; MAZOT EL OTOMAT\u0130\u011e\u0130 &#8211; MAN &#8211; 6.407016"},"content":{"rendered":"","protected":false},"excerpt":{"rendered":"<p>51121507006 &#8211; 51121507016 &#8211; 51121507022 &#8211; 81121506011 &#8211; 1519533 &#8211; MAZOT EL OTOMAT\u0130\u011e\u0130 &#8211; MAN<\/p>\n","protected":false},"featured_media":29626,"comment_status":"closed","ping_status":"open","template":"","meta":[],"product_brand":[],"product_cat":[12476,15231],"product_tag":[],"class_list":{"0":"post-29625","1":"product","2":"type-product","3":"status-publish","4":"has-post-thumbnail","6":"product_cat-man","7":"product_cat-neoplan","8":"pa_arac-tipi-avrupa","9":"pa_marka-man-neoplan","10":"pa_model-tga-tgm-tgl-tgs-tgx","11":"pa_oed-no-6-407016","12":"pa_oem-no-51121507006-51121507016-51121507022-81121506011-1519533","13":"pa_urun-adi-mazot-el-otomatigi","15":"first","16":"instock","17":"product-type-simple"},"_links":{"self":[{"href":"https:\/\/oedparts.com\/en\/wp-json\/wp\/v2\/product\/29625","targetHints":{"allow":["GET"]}}],"collection":[{"href":"https:\/\/oedparts.com\/en\/wp-json\/wp\/v2\/product"}],"about":[{"href":"https:\/\/oedparts.com\/en\/wp-json\/wp\/v2\/types\/product"}],"replies":[{"embeddable":true,"href":"https:\/\/oedparts.com\/en\/wp-json\/wp\/v2\/comments?post=29625"}],"wp:featuredmedia":[{"embeddable":true,"href":"https:\/\/oedparts.com\/en\/wp-json\/wp\/v2\/media\/29626"}],"wp:attachment":[{"href":"https:\/\/oedparts.com\/en\/wp-json\/wp\/v2\/media?parent=29625"}],"wp:term":[{"taxonomy":"product_brand","embeddable":true,"href":"https:\/\/oedparts.com\/en\/wp-json\/wp\/v2\/product_brand?post=29625"},{"taxonomy":"product_cat","embeddable":true,"href":"https:\/\/oedparts.com\/en\/wp-json\/wp\/v2\/product_cat?post=29625"},{"taxonomy":"product_tag","embeddable":true,"href":"https:\/\/oedparts.com\/en\/wp-json\/wp\/v2\/product_tag?post=29625"}],"curies":[{"name":"wp","href":"https:\/\/api.w.org\/{rel}","templated":true}]}}